{"id":1612,"date":"2021-10-15T10:13:30","date_gmt":"2021-10-15T10:13:30","guid":{"rendered":"https:\/\/lavidaexiste.com\/?page_id=1612"},"modified":"2021-10-27T10:23:45","modified_gmt":"2021-10-27T10:23:45","slug":"travail-corporel","status":"publish","type":"page","link":"https:\/\/lavidaexiste.com\/fr\/travail-corporel","title":{"rendered":"Travail corporel"},"content":{"rendered":"\t\t<div data-elementor-type=\"wp-page\" data-elementor-id=\"1612\" class=\"elementor elementor-1612\">\n\t\t\t\t\t\t\t\t\t<section class=\"elementor-section elementor-top-section elementor-element elementor-element-8fdcddc elementor-section-boxed elementor-section-height-default elementor-section-height-default\" data-id=\"8fdcddc\" data-element_type=\"section\">\n\t\t\t\t\t\t<div class=\"elementor-container elementor-column-gap-default\">\n\t\t\t\t\t<div class=\"elementor-column elementor-col-100 elementor-top-column elementor-element elementor-element-b7c5b30\" data-id=\"b7c5b30\" data-element_type=\"column\">\n\t\t\t<div class=\"elementor-widget-wrap elementor-element-populated\">\n\t\t\t\t\t\t\t\t<div class=\"elementor-element elementor-element-567790d elementor-widget elementor-widget-image\" data-id=\"567790d\" data-element_type=\"widget\" data-widget_type=\"image.default\">\n\t\t\t\t<div class=\"elementor-widget-container\">\n\t\t\t<style>\/*! elementor - v3.8.0 - 30-10-2022 *\/\n.elementor-widget-image{text-align:center}.elementor-widget-image a{display:inline-block}.elementor-widget-image a img[src$=\".svg\"]{width:48px}.elementor-widget-image img{vertical-align:middle;display:inline-block}<\/style>\t\t\t\t\t\t\t\t\t\t\t\t<img loading=\"lazy\" decoding=\"async\" width=\"500\" height=\"350\" src=\"https:\/\/lavidaexiste.com\/wp-content\/uploads\/2021\/08\/GRULLA3.jpg\" class=\"attachment-large size-large\" alt=\"\" srcset=\"https:\/\/lavidaexiste.com\/wp-content\/uploads\/2021\/08\/GRULLA3.jpg 500w, https:\/\/lavidaexiste.com\/wp-content\/uploads\/2021\/08\/GRULLA3-300x210.jpg 300w\" sizes=\"auto, (max-width: 500px) 100vw, 500px\" \/>\t\t\t\t\t\t\t\t\t\t\t\t\t\t\t<\/div>\n\t\t\t\t<\/div>\n\t\t\t\t\t<\/div>\n\t\t<\/div>\n\t\t\t\t\t\t\t<\/div>\n\t\t<\/section>\n\t\t\t\t<section class=\"elementor-section elementor-top-section elementor-element elementor-element-7fc64f31 elementor-section-boxed elementor-section-height-default elementor-section-height-default\" data-id=\"7fc64f31\" data-element_type=\"section\">\n\t\t\t\t\t\t<div class=\"elementor-container elementor-column-gap-default\">\n\t\t\t\t\t<div class=\"elementor-column elementor-col-100 elementor-top-column elementor-element elementor-element-7776820d\" data-id=\"7776820d\" data-element_type=\"column\">\n\t\t\t<div class=\"elementor-widget-wrap elementor-element-populated\">\n\t\t\t\t\t\t\t\t<div class=\"elementor-element elementor-element-3b4963ab elementor-widget elementor-widget-heading\" data-id=\"3b4963ab\" data-element_type=\"widget\" data-widget_type=\"heading.default\">\n\t\t\t\t<div class=\"elementor-widget-container\">\n\t\t\t<style>\/*! elementor - v3.8.0 - 30-10-2022 *\/\n.elementor-heading-title{padding:0;margin:0;line-height:1}.elementor-widget-heading .elementor-heading-title[class*=elementor-size-]>a{color:inherit;font-size:inherit;line-height:inherit}.elementor-widget-heading .elementor-heading-title.elementor-size-small{font-size:15px}.elementor-widget-heading .elementor-heading-title.elementor-size-medium{font-size:19px}.elementor-widget-heading .elementor-heading-title.elementor-size-large{font-size:29px}.elementor-widget-heading .elementor-heading-title.elementor-size-xl{font-size:39px}.elementor-widget-heading .elementor-heading-title.elementor-size-xxl{font-size:59px}<\/style><h2 class=\"elementor-heading-title elementor-size-default\">Le corps est notre maison, c'est notre r\u00e9sidence<\/h2>\t\t<\/div>\n\t\t\t\t<\/div>\n\t\t\t\t<div class=\"elementor-element elementor-element-7026f6b1 elementor-widget elementor-widget-text-editor\" data-id=\"7026f6b1\" data-element_type=\"widget\" data-widget_type=\"text-editor.default\">\n\t\t\t\t<div class=\"elementor-widget-container\">\n\t\t\t<style>\/*! elementor - v3.8.0 - 30-10-2022 *\/\n.elementor-widget-text-editor.elementor-drop-cap-view-stacked .elementor-drop-cap{background-color:#818a91;color:#fff}.elementor-widget-text-editor.elementor-drop-cap-view-framed .elementor-drop-cap{color:#818a91;border:3px solid;background-color:transparent}.elementor-widget-text-editor:not(.elementor-drop-cap-view-default) .elementor-drop-cap{margin-top:8px}.elementor-widget-text-editor:not(.elementor-drop-cap-view-default) .elementor-drop-cap-letter{width:1em;height:1em}.elementor-widget-text-editor .elementor-drop-cap{float:left;text-align:center;line-height:1;font-size:50px}.elementor-widget-text-editor .elementor-drop-cap-letter{display:inline-block}<\/style>\t\t\t\t<p>Dans le Travail Corporel que nous d\u00e9veloppons, nous prenons en compte les aspects suivants\u00a0:<\/p><ul><li><b><\/b><strong><b>Le corps <\/b><\/strong>(compos\u00e9 du corps physique, du corps respiratoire et du corps \u00e9nerg\u00e9tique ou subtil) <strong><b>est un organisme extraordinaire, avec l\u2019intelligence et la sagesse n\u00e9cessaires pour rester en bonne sant\u00e9 et gu\u00e9rir de certaines maladies par lui-m\u00eame<\/b><\/strong>\u00a0(malgr\u00e9 sa tendance \u00e0 la maladie), si nous lui fournissons des \u00e9l\u00e9ments dont il a besoin\u00a0: nourriture ad\u00e9quate (l\u2019alimentation est notre m\u00e9decine), exercice physique, repos et le travail interne n\u00e9cessaire qui nous permet de dissoudre certains \u00e9l\u00e9ments psychologiques ou spirituels contaminants. <strong><b>Le travail propos\u00e9 tient compte de ce principe, en se concentrant sur la r\u00e9solution des \u00e9l\u00e9ments psychologiques ou spirituels qui d\u00e9t\u00e9riorent notre sant\u00e9<\/b><\/strong><\/li><li>D\u2019un autre c\u00f4t\u00e9, <strong><b>dans le corps sont cristallis\u00e9s les traumatismes du pass\u00e9, dans les boucliers muscle<\/b><\/strong>. Sur la base de la classification de la personnalit\u00e9 de l&rsquo;Enn\u00e9agramme, chaque sous-type de personnalit\u00e9 est associ\u00e9 \u00e0 une structure corporelle sp\u00e9cifique, ce qui facilite l\u2019identification de notre personnalit\u00e9. C\u2019est fondamental, car pour pouvoir changer ce qui nous maintient <strong><b>dans la r\u00e9p\u00e9tition des mod\u00e8les <\/b><\/strong>de comportement, nous devons d\u2019abord bien nous conna\u00eetre. <strong><b>Dans ce travail, nous nous concentrons sur la fa\u00e7on dont nous fonctionnons. Une fois que nous avons identifi\u00e9 notre personnalit\u00e9, nous pouvons <\/b><\/strong><strong><b>la <\/b><\/strong><strong><b>travailler afin de la dissoudre suffisamment pour qu\u2019elle cesse de nous dominer<\/b><\/strong>. De cette fa\u00e7on, nous cessons de suivre et d\u2019alimenter les sch\u00e9mas de fonctionnement m\u00e9caniques et n\u00e9vrotiques pour nous comporter progressivement de mani\u00e8re plus consciente.<\/li><li>Aussi, <strong><b>alors que nous approfondissons notre monde int\u00e9rieur<\/b><\/strong>, tant par le travail th\u00e9rapeutique que par la m\u00e9ditation, <strong><b>nous rencontrons certains \u00e9l\u00e9ments et \u00e9tats internes qui sont difficiles \u00e0 g\u00e9rer si nous ne sommes pas bien enracin\u00e9s dans le corps. Le travail corporel nous aide dans ce sens et nous facilite l\u2019int\u00e9gration des processus de croissance.<\/b><\/strong><\/li><li>En m\u00eame temps, <strong><b>l\u2019expression corporelle <\/b><\/strong>\u00e0 travers le mouvement libre, la danse et les arts martiaux nous aide, entre autres, \u00e0\u00a0:<ul><li><b><\/b><strong><b>Rel\u00e2cher et dissoudre les mod\u00e8les \u00e9nerg\u00e9tiques cristallis\u00e9s <\/b><\/strong>dans le corps qui rendent la vie plus difficile.<\/li><li><b><\/b><strong><b>D\u00e9velopper une structure \u00e9nerg\u00e9tique corporelle qui int\u00e8gre et prend soin des changements r\u00e9alis\u00e9s<\/b><\/strong>.<\/li><li><b><\/b><strong><b>S\u2019exprimer \u00e0 partir de notre partie essentielle<\/b><\/strong>, but principal du travail propos\u00e9.<\/li><\/ul><\/li><\/ul>\t\t\t\t\t\t<\/div>\n\t\t\t\t<\/div>\n\t\t\t\t\t<\/div>\n\t\t<\/div>\n\t\t\t\t\t\t\t<\/div>\n\t\t<\/section>\n\t\t\t\t<section class=\"elementor-section elementor-top-section elementor-element elementor-element-2f1dcc2 elementor-section-boxed elementor-section-height-default elementor-section-height-default\" data-id=\"2f1dcc2\" data-element_type=\"section\">\n\t\t\t\t\t\t<div class=\"elementor-container elementor-column-gap-default\">\n\t\t\t\t\t<div class=\"elementor-column elementor-col-100 elementor-top-column elementor-element elementor-element-0a0efa6\" data-id=\"0a0efa6\" data-element_type=\"column\">\n\t\t\t<div class=\"elementor-widget-wrap elementor-element-populated\">\n\t\t\t\t\t\t\t\t<div class=\"elementor-element elementor-element-8c0d015 elementor-widget elementor-widget-spacer\" data-id=\"8c0d015\" data-element_type=\"widget\" data-widget_type=\"spacer.default\">\n\t\t\t\t<div class=\"elementor-widget-container\">\n\t\t\t<style>\/*! elementor - v3.8.0 - 30-10-2022 *\/\n.elementor-column .elementor-spacer-inner{height:var(--spacer-size)}.e-con{--container-widget-width:100%}.e-con-inner>.elementor-widget-spacer,.e-con>.elementor-widget-spacer{width:var(--container-widget-width,var(--spacer-size));-ms-flex-item-align:stretch;align-self:stretch;-ms-flex-negative:0;flex-shrink:0}.e-con-inner>.elementor-widget-spacer>.elementor-widget-container,.e-con-inner>.elementor-widget-spacer>.elementor-widget-container>.elementor-spacer,.e-con>.elementor-widget-spacer>.elementor-widget-container,.e-con>.elementor-widget-spacer>.elementor-widget-container>.elementor-spacer{height:100%}.e-con-inner>.elementor-widget-spacer>.elementor-widget-container>.elementor-spacer>.elementor-spacer-inner,.e-con>.elementor-widget-spacer>.elementor-widget-container>.elementor-spacer>.elementor-spacer-inner{height:var(--container-widget-height,var(--spacer-size))}<\/style>\t\t<div class=\"elementor-spacer\">\n\t\t\t<div class=\"elementor-spacer-inner\"><\/div>\n\t\t<\/div>\n\t\t\t\t<\/div>\n\t\t\t\t<\/div>\n\t\t\t\t\t<\/div>\n\t\t<\/div>\n\t\t\t\t\t\t\t<\/div>\n\t\t<\/section>\n\t\t\t\t<section class=\"elementor-section elementor-top-section elementor-element elementor-element-6830345b elementor-section-boxed elementor-section-height-default elementor-section-height-default\" data-id=\"6830345b\" data-element_type=\"section\">\n\t\t\t\t\t\t<div class=\"elementor-container elementor-column-gap-default\">\n\t\t\t\t\t<div class=\"elementor-column elementor-col-100 elementor-top-column elementor-element elementor-element-39ecc9f0\" data-id=\"39ecc9f0\" data-element_type=\"column\">\n\t\t\t<div class=\"elementor-widget-wrap elementor-element-populated\">\n\t\t\t\t\t\t\t\t<div class=\"elementor-element elementor-element-2f2f1800 elementor-widget elementor-widget-spacer\" data-id=\"2f2f1800\" data-element_type=\"widget\" data-widget_type=\"spacer.default\">\n\t\t\t\t<div class=\"elementor-widget-container\">\n\t\t\t\t\t<div class=\"elementor-spacer\">\n\t\t\t<div class=\"elementor-spacer-inner\"><\/div>\n\t\t<\/div>\n\t\t\t\t<\/div>\n\t\t\t\t<\/div>\n\t\t\t\t<div class=\"elementor-element elementor-element-2fba5d3e elementor-widget elementor-widget-text-editor\" data-id=\"2fba5d3e\" data-element_type=\"widget\" data-widget_type=\"text-editor.default\">\n\t\t\t\t<div class=\"elementor-widget-container\">\n\t\t\t\t\t\t\t<p><a href=\"https:\/\/lavidaexiste.com\/fr\"><span style=\"color: #19b77d;\">&lt; Revenir<\/span><\/a><\/p>\t\t\t\t\t\t<\/div>\n\t\t\t\t<\/div>\n\t\t\t\t<div class=\"elementor-element elementor-element-4eba237 elementor-widget elementor-widget-spacer\" data-id=\"4eba237\" data-element_type=\"widget\" data-widget_type=\"spacer.default\">\n\t\t\t\t<div class=\"elementor-widget-container\">\n\t\t\t\t\t<div class=\"elementor-spacer\">\n\t\t\t<div class=\"elementor-spacer-inner\"><\/div>\n\t\t<\/div>\n\t\t\t\t<\/div>\n\t\t\t\t<\/div>\n\t\t\t\t\t<\/div>\n\t\t<\/div>\n\t\t\t\t\t\t\t<\/div>\n\t\t<\/section>\n\t\t\t\t\t\t\t<\/div>\n\t\t","protected":false},"excerpt":{"rendered":"<p>Le corps est notre maison, c&rsquo;est notre r\u00e9sidence Dans le Travail Corporel que nous d\u00e9veloppons, nous prenons en compte les aspects suivants\u00a0: Le corps (compos\u00e9 du corps physique, du corps respiratoire et du corps \u00e9nerg\u00e9tique ou subtil) est un organisme extraordinaire, avec l\u2019intelligence et la sagesse n\u00e9cessaires pour rester en bonne sant\u00e9 et gu\u00e9rir de [&hellip;]<\/p>\n","protected":false},"author":1,"featured_media":0,"parent":0,"menu_order":0,"comment_status":"closed","ping_status":"closed","template":"","meta":{"footnotes":""},"class_list":["post-1612","page","type-page","status-publish","hentry"],"yoast_head":"<!-- This site is optimized with the Yoast SEO plugin v27.3 - https:\/\/yoast.com\/product\/yoast-seo-wordpress\/ -->\n<title>Travail corporel - Meditaci\u00f3n Samatha-Vipassana<\/title>\n<meta name=\"robots\" content=\"index, follow, max-snippet:-1, max-image-preview:large, max-video-preview:-1\" \/>\n<link rel=\"canonical\" href=\"https:\/\/lavidaexiste.com\/fr\/travail-corporel\" \/>\n<meta property=\"og:locale\" content=\"fr_FR\" \/>\n<meta property=\"og:type\" content=\"article\" \/>\n<meta property=\"og:title\" content=\"Travail corporel - Meditaci\u00f3n Samatha-Vipassana\" \/>\n<meta property=\"og:description\" content=\"Le corps est notre maison, c&rsquo;est notre r\u00e9sidence Dans le Travail Corporel que nous d\u00e9veloppons, nous prenons en compte les aspects suivants\u00a0: Le corps (compos\u00e9 du corps physique, du corps respiratoire et du corps \u00e9nerg\u00e9tique ou subtil) est un organisme extraordinaire, avec l\u2019intelligence et la sagesse n\u00e9cessaires pour rester en bonne sant\u00e9 et gu\u00e9rir de [&hellip;]\" \/>\n<meta property=\"og:url\" content=\"https:\/\/lavidaexiste.com\/fr\/travail-corporel\" \/>\n<meta property=\"og:site_name\" content=\"Meditaci\u00f3n Samatha-Vipassana\" \/>\n<meta property=\"article:publisher\" content=\"https:\/\/www.facebook.com\/La-vida-existe-100223225752819\" \/>\n<meta property=\"article:modified_time\" content=\"2021-10-27T10:23:45+00:00\" \/>\n<meta property=\"og:image\" content=\"https:\/\/lavidaexiste.com\/wp-content\/uploads\/2021\/08\/GRULLA3.jpg\" \/>\n<meta name=\"twitter:card\" content=\"summary_large_image\" \/>\n<meta name=\"twitter:label1\" content=\"Dur\u00e9e de lecture estim\u00e9e\" \/>\n\t<meta name=\"twitter:data1\" content=\"2 minutes\" \/>\n<script type=\"application\/ld+json\" class=\"yoast-schema-graph\">{\"@context\":\"https:\\\/\\\/schema.org\",\"@graph\":[{\"@type\":\"WebPage\",\"@id\":\"https:\\\/\\\/lavidaexiste.com\\\/fr\\\/travail-corporel\",\"url\":\"https:\\\/\\\/lavidaexiste.com\\\/fr\\\/travail-corporel\",\"name\":\"Travail corporel - Meditaci\u00f3n Samatha-Vipassana\",\"isPartOf\":{\"@id\":\"https:\\\/\\\/lavidaexiste.com\\\/#website\"},\"primaryImageOfPage\":{\"@id\":\"https:\\\/\\\/lavidaexiste.com\\\/fr\\\/travail-corporel#primaryimage\"},\"image\":{\"@id\":\"https:\\\/\\\/lavidaexiste.com\\\/fr\\\/travail-corporel#primaryimage\"},\"thumbnailUrl\":\"https:\\\/\\\/lavidaexiste.com\\\/wp-content\\\/uploads\\\/2021\\\/08\\\/GRULLA3.jpg\",\"datePublished\":\"2021-10-15T10:13:30+00:00\",\"dateModified\":\"2021-10-27T10:23:45+00:00\",\"breadcrumb\":{\"@id\":\"https:\\\/\\\/lavidaexiste.com\\\/fr\\\/travail-corporel#breadcrumb\"},\"inLanguage\":\"fr-FR\",\"potentialAction\":[{\"@type\":\"ReadAction\",\"target\":[\"https:\\\/\\\/lavidaexiste.com\\\/fr\\\/travail-corporel\"]}]},{\"@type\":\"ImageObject\",\"inLanguage\":\"fr-FR\",\"@id\":\"https:\\\/\\\/lavidaexiste.com\\\/fr\\\/travail-corporel#primaryimage\",\"url\":\"https:\\\/\\\/lavidaexiste.com\\\/wp-content\\\/uploads\\\/2021\\\/08\\\/GRULLA3.jpg\",\"contentUrl\":\"https:\\\/\\\/lavidaexiste.com\\\/wp-content\\\/uploads\\\/2021\\\/08\\\/GRULLA3.jpg\"},{\"@type\":\"BreadcrumbList\",\"@id\":\"https:\\\/\\\/lavidaexiste.com\\\/fr\\\/travail-corporel#breadcrumb\",\"itemListElement\":[{\"@type\":\"ListItem\",\"position\":1,\"name\":\"Portada\",\"item\":\"https:\\\/\\\/lavidaexiste.com\\\/fr\"},{\"@type\":\"ListItem\",\"position\":2,\"name\":\"Travail corporel\"}]},{\"@type\":\"WebSite\",\"@id\":\"https:\\\/\\\/lavidaexiste.com\\\/#website\",\"url\":\"https:\\\/\\\/lavidaexiste.com\\\/\",\"name\":\"Meditaci\u00f3n Samatha-Vipassana\",\"description\":\"\",\"publisher\":{\"@id\":\"https:\\\/\\\/lavidaexiste.com\\\/#organization\"},\"potentialAction\":[{\"@type\":\"SearchAction\",\"target\":{\"@type\":\"EntryPoint\",\"urlTemplate\":\"https:\\\/\\\/lavidaexiste.com\\\/?s={search_term_string}\"},\"query-input\":{\"@type\":\"PropertyValueSpecification\",\"valueRequired\":true,\"valueName\":\"search_term_string\"}}],\"inLanguage\":\"fr-FR\"},{\"@type\":\"Organization\",\"@id\":\"https:\\\/\\\/lavidaexiste.com\\\/#organization\",\"name\":\"La Vida Existe\",\"url\":\"https:\\\/\\\/lavidaexiste.com\\\/\",\"logo\":{\"@type\":\"ImageObject\",\"inLanguage\":\"fr-FR\",\"@id\":\"https:\\\/\\\/lavidaexiste.com\\\/#\\\/schema\\\/logo\\\/image\\\/\",\"url\":\"https:\\\/\\\/lavidaexiste.com\\\/wp-content\\\/uploads\\\/2021\\\/08\\\/TIPO-LOGO3_handle_MARRON_GRANDE.png\",\"contentUrl\":\"https:\\\/\\\/lavidaexiste.com\\\/wp-content\\\/uploads\\\/2021\\\/08\\\/TIPO-LOGO3_handle_MARRON_GRANDE.png\",\"width\":425,\"height\":116,\"caption\":\"La Vida Existe\"},\"image\":{\"@id\":\"https:\\\/\\\/lavidaexiste.com\\\/#\\\/schema\\\/logo\\\/image\\\/\"},\"sameAs\":[\"https:\\\/\\\/www.facebook.com\\\/La-vida-existe-100223225752819\"]}]}<\/script>\n<!-- \/ Yoast SEO plugin. -->","yoast_head_json":{"title":"Travail corporel - Meditaci\u00f3n Samatha-Vipassana","robots":{"index":"index","follow":"follow","max-snippet":"max-snippet:-1","max-image-preview":"max-image-preview:large","max-video-preview":"max-video-preview:-1"},"canonical":"https:\/\/lavidaexiste.com\/fr\/travail-corporel","og_locale":"fr_FR","og_type":"article","og_title":"Travail corporel - Meditaci\u00f3n Samatha-Vipassana","og_description":"Le corps est notre maison, c&rsquo;est notre r\u00e9sidence Dans le Travail Corporel que nous d\u00e9veloppons, nous prenons en compte les aspects suivants\u00a0: Le corps (compos\u00e9 du corps physique, du corps respiratoire et du corps \u00e9nerg\u00e9tique ou subtil) est un organisme extraordinaire, avec l\u2019intelligence et la sagesse n\u00e9cessaires pour rester en bonne sant\u00e9 et gu\u00e9rir de [&hellip;]","og_url":"https:\/\/lavidaexiste.com\/fr\/travail-corporel","og_site_name":"Meditaci\u00f3n Samatha-Vipassana","article_publisher":"https:\/\/www.facebook.com\/La-vida-existe-100223225752819","article_modified_time":"2021-10-27T10:23:45+00:00","og_image":[{"url":"https:\/\/lavidaexiste.com\/wp-content\/uploads\/2021\/08\/GRULLA3.jpg","type":"","width":"","height":""}],"twitter_card":"summary_large_image","twitter_misc":{"Dur\u00e9e de lecture estim\u00e9e":"2 minutes"},"schema":{"@context":"https:\/\/schema.org","@graph":[{"@type":"WebPage","@id":"https:\/\/lavidaexiste.com\/fr\/travail-corporel","url":"https:\/\/lavidaexiste.com\/fr\/travail-corporel","name":"Travail corporel - Meditaci\u00f3n Samatha-Vipassana","isPartOf":{"@id":"https:\/\/lavidaexiste.com\/#website"},"primaryImageOfPage":{"@id":"https:\/\/lavidaexiste.com\/fr\/travail-corporel#primaryimage"},"image":{"@id":"https:\/\/lavidaexiste.com\/fr\/travail-corporel#primaryimage"},"thumbnailUrl":"https:\/\/lavidaexiste.com\/wp-content\/uploads\/2021\/08\/GRULLA3.jpg","datePublished":"2021-10-15T10:13:30+00:00","dateModified":"2021-10-27T10:23:45+00:00","breadcrumb":{"@id":"https:\/\/lavidaexiste.com\/fr\/travail-corporel#breadcrumb"},"inLanguage":"fr-FR","potentialAction":[{"@type":"ReadAction","target":["https:\/\/lavidaexiste.com\/fr\/travail-corporel"]}]},{"@type":"ImageObject","inLanguage":"fr-FR","@id":"https:\/\/lavidaexiste.com\/fr\/travail-corporel#primaryimage","url":"https:\/\/lavidaexiste.com\/wp-content\/uploads\/2021\/08\/GRULLA3.jpg","contentUrl":"https:\/\/lavidaexiste.com\/wp-content\/uploads\/2021\/08\/GRULLA3.jpg"},{"@type":"BreadcrumbList","@id":"https:\/\/lavidaexiste.com\/fr\/travail-corporel#breadcrumb","itemListElement":[{"@type":"ListItem","position":1,"name":"Portada","item":"https:\/\/lavidaexiste.com\/fr"},{"@type":"ListItem","position":2,"name":"Travail corporel"}]},{"@type":"WebSite","@id":"https:\/\/lavidaexiste.com\/#website","url":"https:\/\/lavidaexiste.com\/","name":"Meditaci\u00f3n Samatha-Vipassana","description":"","publisher":{"@id":"https:\/\/lavidaexiste.com\/#organization"},"potentialAction":[{"@type":"SearchAction","target":{"@type":"EntryPoint","urlTemplate":"https:\/\/lavidaexiste.com\/?s={search_term_string}"},"query-input":{"@type":"PropertyValueSpecification","valueRequired":true,"valueName":"search_term_string"}}],"inLanguage":"fr-FR"},{"@type":"Organization","@id":"https:\/\/lavidaexiste.com\/#organization","name":"La Vida Existe","url":"https:\/\/lavidaexiste.com\/","logo":{"@type":"ImageObject","inLanguage":"fr-FR","@id":"https:\/\/lavidaexiste.com\/#\/schema\/logo\/image\/","url":"https:\/\/lavidaexiste.com\/wp-content\/uploads\/2021\/08\/TIPO-LOGO3_handle_MARRON_GRANDE.png","contentUrl":"https:\/\/lavidaexiste.com\/wp-content\/uploads\/2021\/08\/TIPO-LOGO3_handle_MARRON_GRANDE.png","width":425,"height":116,"caption":"La Vida Existe"},"image":{"@id":"https:\/\/lavidaexiste.com\/#\/schema\/logo\/image\/"},"sameAs":["https:\/\/www.facebook.com\/La-vida-existe-100223225752819"]}]}},"_links":{"self":[{"href":"https:\/\/lavidaexiste.com\/fr\/wp-json\/wp\/v2\/pages\/1612","targetHints":{"allow":["GET"]}}],"collection":[{"href":"https:\/\/lavidaexiste.com\/fr\/wp-json\/wp\/v2\/pages"}],"about":[{"href":"https:\/\/lavidaexiste.com\/fr\/wp-json\/wp\/v2\/types\/page"}],"author":[{"embeddable":true,"href":"https:\/\/lavidaexiste.com\/fr\/wp-json\/wp\/v2\/users\/1"}],"replies":[{"embeddable":true,"href":"https:\/\/lavidaexiste.com\/fr\/wp-json\/wp\/v2\/comments?post=1612"}],"version-history":[{"count":27,"href":"https:\/\/lavidaexiste.com\/fr\/wp-json\/wp\/v2\/pages\/1612\/revisions"}],"predecessor-version":[{"id":1920,"href":"https:\/\/lavidaexiste.com\/fr\/wp-json\/wp\/v2\/pages\/1612\/revisions\/1920"}],"wp:attachment":[{"href":"https:\/\/lavidaexiste.com\/fr\/wp-json\/wp\/v2\/media?parent=1612"}],"curies":[{"name":"wp","href":"https:\/\/api.w.org\/{rel}","templated":true}]}}