{"id":1613,"date":"2021-10-15T10:14:55","date_gmt":"2021-10-15T10:14:55","guid":{"rendered":"https:\/\/lavidaexiste.com\/?page_id=1613"},"modified":"2021-10-27T10:25:03","modified_gmt":"2021-10-27T10:25:03","slug":"travail-therapeutique","status":"publish","type":"page","link":"https:\/\/lavidaexiste.com\/fr\/travail-therapeutique","title":{"rendered":"Travail th\u00e9rapeutique"},"content":{"rendered":"\t\t<div data-elementor-type=\"wp-page\" data-elementor-id=\"1613\" class=\"elementor elementor-1613\">\n\t\t\t\t\t\t\t\t\t<section class=\"elementor-section elementor-top-section elementor-element elementor-element-ada9353 elementor-section-boxed elementor-section-height-default elementor-section-height-default\" data-id=\"ada9353\" data-element_type=\"section\">\n\t\t\t\t\t\t<div class=\"elementor-container elementor-column-gap-default\">\n\t\t\t\t\t<div class=\"elementor-column elementor-col-100 elementor-top-column elementor-element elementor-element-1afa49a\" data-id=\"1afa49a\" data-element_type=\"column\">\n\t\t\t<div class=\"elementor-widget-wrap elementor-element-populated\">\n\t\t\t\t\t\t\t\t<div class=\"elementor-element elementor-element-df786ed elementor-widget elementor-widget-image\" data-id=\"df786ed\" data-element_type=\"widget\" data-widget_type=\"image.default\">\n\t\t\t\t<div class=\"elementor-widget-container\">\n\t\t\t<style>\/*! elementor - v3.8.0 - 30-10-2022 *\/\n.elementor-widget-image{text-align:center}.elementor-widget-image a{display:inline-block}.elementor-widget-image a img[src$=\".svg\"]{width:48px}.elementor-widget-image img{vertical-align:middle;display:inline-block}<\/style>\t\t\t\t\t\t\t\t\t\t\t\t<img loading=\"lazy\" decoding=\"async\" width=\"500\" height=\"350\" src=\"https:\/\/lavidaexiste.com\/wp-content\/uploads\/2021\/08\/TERAPIA3.jpg\" class=\"attachment-large size-large\" alt=\"\" srcset=\"https:\/\/lavidaexiste.com\/wp-content\/uploads\/2021\/08\/TERAPIA3.jpg 500w, https:\/\/lavidaexiste.com\/wp-content\/uploads\/2021\/08\/TERAPIA3-300x210.jpg 300w\" sizes=\"auto, (max-width: 500px) 100vw, 500px\" \/>\t\t\t\t\t\t\t\t\t\t\t\t\t\t\t<\/div>\n\t\t\t\t<\/div>\n\t\t\t\t\t<\/div>\n\t\t<\/div>\n\t\t\t\t\t\t\t<\/div>\n\t\t<\/section>\n\t\t\t\t<section class=\"elementor-section elementor-top-section elementor-element elementor-element-2fcad19b elementor-section-boxed elementor-section-height-default elementor-section-height-default\" data-id=\"2fcad19b\" data-element_type=\"section\">\n\t\t\t\t\t\t<div class=\"elementor-container elementor-column-gap-default\">\n\t\t\t\t\t<div class=\"elementor-column elementor-col-100 elementor-top-column elementor-element elementor-element-6488b8ea\" data-id=\"6488b8ea\" data-element_type=\"column\">\n\t\t\t<div class=\"elementor-widget-wrap elementor-element-populated\">\n\t\t\t\t\t\t\t\t<div class=\"elementor-element elementor-element-2c2e8c4 elementor-widget elementor-widget-heading\" data-id=\"2c2e8c4\" data-element_type=\"widget\" data-widget_type=\"heading.default\">\n\t\t\t\t<div class=\"elementor-widget-container\">\n\t\t\t<style>\/*! elementor - v3.8.0 - 30-10-2022 *\/\n.elementor-heading-title{padding:0;margin:0;line-height:1}.elementor-widget-heading .elementor-heading-title[class*=elementor-size-]>a{color:inherit;font-size:inherit;line-height:inherit}.elementor-widget-heading .elementor-heading-title.elementor-size-small{font-size:15px}.elementor-widget-heading .elementor-heading-title.elementor-size-medium{font-size:19px}.elementor-widget-heading .elementor-heading-title.elementor-size-large{font-size:29px}.elementor-widget-heading .elementor-heading-title.elementor-size-xl{font-size:39px}.elementor-widget-heading .elementor-heading-title.elementor-size-xxl{font-size:59px}<\/style><h2 class=\"elementor-heading-title elementor-size-default\">Aider \u00e0 dissoudre les conditionnements<\/h2>\t\t<\/div>\n\t\t\t\t<\/div>\n\t\t\t\t<div class=\"elementor-element elementor-element-666f6049 elementor-widget elementor-widget-text-editor\" data-id=\"666f6049\" data-element_type=\"widget\" data-widget_type=\"text-editor.default\">\n\t\t\t\t<div class=\"elementor-widget-container\">\n\t\t\t<style>\/*! elementor - v3.8.0 - 30-10-2022 *\/\n.elementor-widget-text-editor.elementor-drop-cap-view-stacked .elementor-drop-cap{background-color:#818a91;color:#fff}.elementor-widget-text-editor.elementor-drop-cap-view-framed .elementor-drop-cap{color:#818a91;border:3px solid;background-color:transparent}.elementor-widget-text-editor:not(.elementor-drop-cap-view-default) .elementor-drop-cap{margin-top:8px}.elementor-widget-text-editor:not(.elementor-drop-cap-view-default) .elementor-drop-cap-letter{width:1em;height:1em}.elementor-widget-text-editor .elementor-drop-cap{float:left;text-align:center;line-height:1;font-size:50px}.elementor-widget-text-editor .elementor-drop-cap-letter{display:inline-block}<\/style>\t\t\t\t<p>Parfois, nous pouvons voir que le travail th\u00e9rapeutique ne finit pas de gu\u00e9rir certains obstacles internes, en particulier ceux li\u00e9s \u00e0 la racine du fonctionnement de la personnalit\u00e9 et de l\u2019esprit. <strong><b>La m\u00e9ditation <\/b><\/strong><strong><em><b><i>Samatha<\/i><\/b><\/em><\/strong><strong><b>, en entrant et en restant dans certains \u00e9tats m\u00e9ditatifs (\u00e9tats jh\u0101niques) facilite la gu\u00e9rison de ces obstacles internes. Et r\u00e9sout le conditionnement de fonctionnement basique de l\u2019esprit qui nous retient dans la souffrance<\/b><\/strong>. Ce qui nous am\u00e8ne \u00e0 vivre une vie plus pleine et plus joyeuse.<\/p><p>Le travail se concentre sur la diminution de l\u2019effet n\u00e9gatif de certaines exp\u00e9riences douloureuses du pass\u00e9 et sur la diminution suffisante des mod\u00e8les \u00e9nerg\u00e9tiques de base de notre personnalit\u00e9. Cela nous facilite l\u2019acc\u00e8s aux \u00e9tats m\u00e9ditatifs qui nous gu\u00e9rissent.<\/p><p>Nous pouvons d\u2019ailleurs observer que <strong><b>la dissolution des sch\u00e9mas de base de la personnalit\u00e9<\/b><\/strong>\u00a0(ces formes de perception et de comportement que nous r\u00e9p\u00e9tons inconsciemment) <strong><b>n\u00e9cessite un travail sp\u00e9cifique pour chaque personnalit\u00e9<\/b><\/strong>\u00a0et que ce travail doit \u00eatre d\u00e9velopp\u00e9 avec pers\u00e9v\u00e9rance. Afin de prendre en charge ces \u00e9l\u00e9ments, <strong><b>des outils psychoth\u00e9rapeutiques utiles sont d\u00e9velopp\u00e9s au sein du groupe avec un guide de travail clair, afin que chacun puisse les appliquer ult\u00e9rieurement.<\/b><\/strong><\/p><p><strong><b>Dans le travail th\u00e9rapeutique, on donne une attention particuli\u00e8re au travail sur nos r\u00eaves<\/b><\/strong>. Car c\u2019est l\u2019une des principales voies de communication avec notre partie essentielle. Les r\u00eaves nous aident \u00e0 identifier les probl\u00e8mes concrets que nous avons dans notre quotidien et nous facilitent la voie vers la solution exprim\u00e9e symboliquement. Dans mon exp\u00e9rience, le travail avec les r\u00eaves <strong><b>nous donne une orientation vers la sant\u00e9, le d\u00e9veloppement humain et le bien-\u00eatre.<\/b><\/strong><\/p>\t\t\t\t\t\t<\/div>\n\t\t\t\t<\/div>\n\t\t\t\t\t<\/div>\n\t\t<\/div>\n\t\t\t\t\t\t\t<\/div>\n\t\t<\/section>\n\t\t\t\t<section class=\"elementor-section elementor-top-section elementor-element elementor-element-721f5843 elementor-section-boxed elementor-section-height-default elementor-section-height-default\" data-id=\"721f5843\" data-element_type=\"section\">\n\t\t\t\t\t\t<div class=\"elementor-container elementor-column-gap-default\">\n\t\t\t\t\t<div class=\"elementor-column elementor-col-100 elementor-top-column elementor-element elementor-element-29c9a611\" data-id=\"29c9a611\" data-element_type=\"column\">\n\t\t\t<div class=\"elementor-widget-wrap elementor-element-populated\">\n\t\t\t\t\t\t\t\t<div class=\"elementor-element elementor-element-39625297 elementor-widget elementor-widget-spacer\" data-id=\"39625297\" data-element_type=\"widget\" data-widget_type=\"spacer.default\">\n\t\t\t\t<div class=\"elementor-widget-container\">\n\t\t\t<style>\/*! elementor - v3.8.0 - 30-10-2022 *\/\n.elementor-column .elementor-spacer-inner{height:var(--spacer-size)}.e-con{--container-widget-width:100%}.e-con-inner>.elementor-widget-spacer,.e-con>.elementor-widget-spacer{width:var(--container-widget-width,var(--spacer-size));-ms-flex-item-align:stretch;align-self:stretch;-ms-flex-negative:0;flex-shrink:0}.e-con-inner>.elementor-widget-spacer>.elementor-widget-container,.e-con-inner>.elementor-widget-spacer>.elementor-widget-container>.elementor-spacer,.e-con>.elementor-widget-spacer>.elementor-widget-container,.e-con>.elementor-widget-spacer>.elementor-widget-container>.elementor-spacer{height:100%}.e-con-inner>.elementor-widget-spacer>.elementor-widget-container>.elementor-spacer>.elementor-spacer-inner,.e-con>.elementor-widget-spacer>.elementor-widget-container>.elementor-spacer>.elementor-spacer-inner{height:var(--container-widget-height,var(--spacer-size))}<\/style>\t\t<div class=\"elementor-spacer\">\n\t\t\t<div class=\"elementor-spacer-inner\"><\/div>\n\t\t<\/div>\n\t\t\t\t<\/div>\n\t\t\t\t<\/div>\n\t\t\t\t<div class=\"elementor-element elementor-element-2407580d elementor-widget elementor-widget-text-editor\" data-id=\"2407580d\" data-element_type=\"widget\" data-widget_type=\"text-editor.default\">\n\t\t\t\t<div class=\"elementor-widget-container\">\n\t\t\t\t\t\t\t<p><a href=\"https:\/\/lavidaexiste.com\/fr\"><span style=\"color: #19b77d;\">&lt;\u00a0 Return<\/span><\/a><\/p>\t\t\t\t\t\t<\/div>\n\t\t\t\t<\/div>\n\t\t\t\t<div class=\"elementor-element elementor-element-2f751030 elementor-widget elementor-widget-spacer\" data-id=\"2f751030\" data-element_type=\"widget\" data-widget_type=\"spacer.default\">\n\t\t\t\t<div class=\"elementor-widget-container\">\n\t\t\t\t\t<div class=\"elementor-spacer\">\n\t\t\t<div class=\"elementor-spacer-inner\"><\/div>\n\t\t<\/div>\n\t\t\t\t<\/div>\n\t\t\t\t<\/div>\n\t\t\t\t\t<\/div>\n\t\t<\/div>\n\t\t\t\t\t\t\t<\/div>\n\t\t<\/section>\n\t\t\t\t\t\t\t<\/div>\n\t\t","protected":false},"excerpt":{"rendered":"<p>Aider \u00e0 dissoudre les conditionnements Parfois, nous pouvons voir que le travail th\u00e9rapeutique ne finit pas de gu\u00e9rir certains obstacles internes, en particulier ceux li\u00e9s \u00e0 la racine du fonctionnement de la personnalit\u00e9 et de l\u2019esprit. La m\u00e9ditation Samatha, en entrant et en restant dans certains \u00e9tats m\u00e9ditatifs (\u00e9tats jh\u0101niques) facilite la gu\u00e9rison de ces [&hellip;]<\/p>\n","protected":false},"author":1,"featured_media":0,"parent":0,"menu_order":0,"comment_status":"closed","ping_status":"closed","template":"","meta":{"footnotes":""},"class_list":["post-1613","page","type-page","status-publish","hentry"],"yoast_head":"<!-- This site is optimized with the Yoast SEO plugin v27.3 - https:\/\/yoast.com\/product\/yoast-seo-wordpress\/ -->\n<title>Travail th\u00e9rapeutique - Meditaci\u00f3n Samatha-Vipassana<\/title>\n<meta name=\"robots\" content=\"index, follow, max-snippet:-1, max-image-preview:large, max-video-preview:-1\" \/>\n<link rel=\"canonical\" href=\"https:\/\/lavidaexiste.com\/fr\/travail-therapeutique\" \/>\n<meta property=\"og:locale\" content=\"fr_FR\" \/>\n<meta property=\"og:type\" content=\"article\" \/>\n<meta property=\"og:title\" content=\"Travail th\u00e9rapeutique - Meditaci\u00f3n Samatha-Vipassana\" \/>\n<meta property=\"og:description\" content=\"Aider \u00e0 dissoudre les conditionnements Parfois, nous pouvons voir que le travail th\u00e9rapeutique ne finit pas de gu\u00e9rir certains obstacles internes, en particulier ceux li\u00e9s \u00e0 la racine du fonctionnement de la personnalit\u00e9 et de l\u2019esprit. La m\u00e9ditation Samatha, en entrant et en restant dans certains \u00e9tats m\u00e9ditatifs (\u00e9tats jh\u0101niques) facilite la gu\u00e9rison de ces [&hellip;]\" \/>\n<meta property=\"og:url\" content=\"https:\/\/lavidaexiste.com\/fr\/travail-therapeutique\" \/>\n<meta property=\"og:site_name\" content=\"Meditaci\u00f3n Samatha-Vipassana\" \/>\n<meta property=\"article:publisher\" content=\"https:\/\/www.facebook.com\/La-vida-existe-100223225752819\" \/>\n<meta property=\"article:modified_time\" content=\"2021-10-27T10:25:03+00:00\" \/>\n<meta property=\"og:image\" content=\"https:\/\/lavidaexiste.com\/wp-content\/uploads\/2021\/08\/TERAPIA3.jpg\" \/>\n<meta name=\"twitter:card\" content=\"summary_large_image\" \/>\n<meta name=\"twitter:label1\" content=\"Dur\u00e9e de lecture estim\u00e9e\" \/>\n\t<meta name=\"twitter:data1\" content=\"2 minutes\" \/>\n<script type=\"application\/ld+json\" class=\"yoast-schema-graph\">{\"@context\":\"https:\\\/\\\/schema.org\",\"@graph\":[{\"@type\":\"WebPage\",\"@id\":\"https:\\\/\\\/lavidaexiste.com\\\/fr\\\/travail-therapeutique\",\"url\":\"https:\\\/\\\/lavidaexiste.com\\\/fr\\\/travail-therapeutique\",\"name\":\"Travail th\u00e9rapeutique - Meditaci\u00f3n Samatha-Vipassana\",\"isPartOf\":{\"@id\":\"https:\\\/\\\/lavidaexiste.com\\\/#website\"},\"primaryImageOfPage\":{\"@id\":\"https:\\\/\\\/lavidaexiste.com\\\/fr\\\/travail-therapeutique#primaryimage\"},\"image\":{\"@id\":\"https:\\\/\\\/lavidaexiste.com\\\/fr\\\/travail-therapeutique#primaryimage\"},\"thumbnailUrl\":\"https:\\\/\\\/lavidaexiste.com\\\/wp-content\\\/uploads\\\/2021\\\/08\\\/TERAPIA3.jpg\",\"datePublished\":\"2021-10-15T10:14:55+00:00\",\"dateModified\":\"2021-10-27T10:25:03+00:00\",\"breadcrumb\":{\"@id\":\"https:\\\/\\\/lavidaexiste.com\\\/fr\\\/travail-therapeutique#breadcrumb\"},\"inLanguage\":\"fr-FR\",\"potentialAction\":[{\"@type\":\"ReadAction\",\"target\":[\"https:\\\/\\\/lavidaexiste.com\\\/fr\\\/travail-therapeutique\"]}]},{\"@type\":\"ImageObject\",\"inLanguage\":\"fr-FR\",\"@id\":\"https:\\\/\\\/lavidaexiste.com\\\/fr\\\/travail-therapeutique#primaryimage\",\"url\":\"https:\\\/\\\/lavidaexiste.com\\\/wp-content\\\/uploads\\\/2021\\\/08\\\/TERAPIA3.jpg\",\"contentUrl\":\"https:\\\/\\\/lavidaexiste.com\\\/wp-content\\\/uploads\\\/2021\\\/08\\\/TERAPIA3.jpg\"},{\"@type\":\"BreadcrumbList\",\"@id\":\"https:\\\/\\\/lavidaexiste.com\\\/fr\\\/travail-therapeutique#breadcrumb\",\"itemListElement\":[{\"@type\":\"ListItem\",\"position\":1,\"name\":\"Portada\",\"item\":\"https:\\\/\\\/lavidaexiste.com\\\/fr\"},{\"@type\":\"ListItem\",\"position\":2,\"name\":\"Travail th\u00e9rapeutique\"}]},{\"@type\":\"WebSite\",\"@id\":\"https:\\\/\\\/lavidaexiste.com\\\/#website\",\"url\":\"https:\\\/\\\/lavidaexiste.com\\\/\",\"name\":\"Meditaci\u00f3n Samatha-Vipassana\",\"description\":\"\",\"publisher\":{\"@id\":\"https:\\\/\\\/lavidaexiste.com\\\/#organization\"},\"potentialAction\":[{\"@type\":\"SearchAction\",\"target\":{\"@type\":\"EntryPoint\",\"urlTemplate\":\"https:\\\/\\\/lavidaexiste.com\\\/?s={search_term_string}\"},\"query-input\":{\"@type\":\"PropertyValueSpecification\",\"valueRequired\":true,\"valueName\":\"search_term_string\"}}],\"inLanguage\":\"fr-FR\"},{\"@type\":\"Organization\",\"@id\":\"https:\\\/\\\/lavidaexiste.com\\\/#organization\",\"name\":\"La Vida Existe\",\"url\":\"https:\\\/\\\/lavidaexiste.com\\\/\",\"logo\":{\"@type\":\"ImageObject\",\"inLanguage\":\"fr-FR\",\"@id\":\"https:\\\/\\\/lavidaexiste.com\\\/#\\\/schema\\\/logo\\\/image\\\/\",\"url\":\"https:\\\/\\\/lavidaexiste.com\\\/wp-content\\\/uploads\\\/2021\\\/08\\\/TIPO-LOGO3_handle_MARRON_GRANDE.png\",\"contentUrl\":\"https:\\\/\\\/lavidaexiste.com\\\/wp-content\\\/uploads\\\/2021\\\/08\\\/TIPO-LOGO3_handle_MARRON_GRANDE.png\",\"width\":425,\"height\":116,\"caption\":\"La Vida Existe\"},\"image\":{\"@id\":\"https:\\\/\\\/lavidaexiste.com\\\/#\\\/schema\\\/logo\\\/image\\\/\"},\"sameAs\":[\"https:\\\/\\\/www.facebook.com\\\/La-vida-existe-100223225752819\"]}]}<\/script>\n<!-- \/ Yoast SEO plugin. -->","yoast_head_json":{"title":"Travail th\u00e9rapeutique - Meditaci\u00f3n Samatha-Vipassana","robots":{"index":"index","follow":"follow","max-snippet":"max-snippet:-1","max-image-preview":"max-image-preview:large","max-video-preview":"max-video-preview:-1"},"canonical":"https:\/\/lavidaexiste.com\/fr\/travail-therapeutique","og_locale":"fr_FR","og_type":"article","og_title":"Travail th\u00e9rapeutique - Meditaci\u00f3n Samatha-Vipassana","og_description":"Aider \u00e0 dissoudre les conditionnements Parfois, nous pouvons voir que le travail th\u00e9rapeutique ne finit pas de gu\u00e9rir certains obstacles internes, en particulier ceux li\u00e9s \u00e0 la racine du fonctionnement de la personnalit\u00e9 et de l\u2019esprit. La m\u00e9ditation Samatha, en entrant et en restant dans certains \u00e9tats m\u00e9ditatifs (\u00e9tats jh\u0101niques) facilite la gu\u00e9rison de ces [&hellip;]","og_url":"https:\/\/lavidaexiste.com\/fr\/travail-therapeutique","og_site_name":"Meditaci\u00f3n Samatha-Vipassana","article_publisher":"https:\/\/www.facebook.com\/La-vida-existe-100223225752819","article_modified_time":"2021-10-27T10:25:03+00:00","og_image":[{"url":"https:\/\/lavidaexiste.com\/wp-content\/uploads\/2021\/08\/TERAPIA3.jpg","type":"","width":"","height":""}],"twitter_card":"summary_large_image","twitter_misc":{"Dur\u00e9e de lecture estim\u00e9e":"2 minutes"},"schema":{"@context":"https:\/\/schema.org","@graph":[{"@type":"WebPage","@id":"https:\/\/lavidaexiste.com\/fr\/travail-therapeutique","url":"https:\/\/lavidaexiste.com\/fr\/travail-therapeutique","name":"Travail th\u00e9rapeutique - Meditaci\u00f3n Samatha-Vipassana","isPartOf":{"@id":"https:\/\/lavidaexiste.com\/#website"},"primaryImageOfPage":{"@id":"https:\/\/lavidaexiste.com\/fr\/travail-therapeutique#primaryimage"},"image":{"@id":"https:\/\/lavidaexiste.com\/fr\/travail-therapeutique#primaryimage"},"thumbnailUrl":"https:\/\/lavidaexiste.com\/wp-content\/uploads\/2021\/08\/TERAPIA3.jpg","datePublished":"2021-10-15T10:14:55+00:00","dateModified":"2021-10-27T10:25:03+00:00","breadcrumb":{"@id":"https:\/\/lavidaexiste.com\/fr\/travail-therapeutique#breadcrumb"},"inLanguage":"fr-FR","potentialAction":[{"@type":"ReadAction","target":["https:\/\/lavidaexiste.com\/fr\/travail-therapeutique"]}]},{"@type":"ImageObject","inLanguage":"fr-FR","@id":"https:\/\/lavidaexiste.com\/fr\/travail-therapeutique#primaryimage","url":"https:\/\/lavidaexiste.com\/wp-content\/uploads\/2021\/08\/TERAPIA3.jpg","contentUrl":"https:\/\/lavidaexiste.com\/wp-content\/uploads\/2021\/08\/TERAPIA3.jpg"},{"@type":"BreadcrumbList","@id":"https:\/\/lavidaexiste.com\/fr\/travail-therapeutique#breadcrumb","itemListElement":[{"@type":"ListItem","position":1,"name":"Portada","item":"https:\/\/lavidaexiste.com\/fr"},{"@type":"ListItem","position":2,"name":"Travail th\u00e9rapeutique"}]},{"@type":"WebSite","@id":"https:\/\/lavidaexiste.com\/#website","url":"https:\/\/lavidaexiste.com\/","name":"Meditaci\u00f3n Samatha-Vipassana","description":"","publisher":{"@id":"https:\/\/lavidaexiste.com\/#organization"},"potentialAction":[{"@type":"SearchAction","target":{"@type":"EntryPoint","urlTemplate":"https:\/\/lavidaexiste.com\/?s={search_term_string}"},"query-input":{"@type":"PropertyValueSpecification","valueRequired":true,"valueName":"search_term_string"}}],"inLanguage":"fr-FR"},{"@type":"Organization","@id":"https:\/\/lavidaexiste.com\/#organization","name":"La Vida Existe","url":"https:\/\/lavidaexiste.com\/","logo":{"@type":"ImageObject","inLanguage":"fr-FR","@id":"https:\/\/lavidaexiste.com\/#\/schema\/logo\/image\/","url":"https:\/\/lavidaexiste.com\/wp-content\/uploads\/2021\/08\/TIPO-LOGO3_handle_MARRON_GRANDE.png","contentUrl":"https:\/\/lavidaexiste.com\/wp-content\/uploads\/2021\/08\/TIPO-LOGO3_handle_MARRON_GRANDE.png","width":425,"height":116,"caption":"La Vida Existe"},"image":{"@id":"https:\/\/lavidaexiste.com\/#\/schema\/logo\/image\/"},"sameAs":["https:\/\/www.facebook.com\/La-vida-existe-100223225752819"]}]}},"_links":{"self":[{"href":"https:\/\/lavidaexiste.com\/fr\/wp-json\/wp\/v2\/pages\/1613","targetHints":{"allow":["GET"]}}],"collection":[{"href":"https:\/\/lavidaexiste.com\/fr\/wp-json\/wp\/v2\/pages"}],"about":[{"href":"https:\/\/lavidaexiste.com\/fr\/wp-json\/wp\/v2\/types\/page"}],"author":[{"embeddable":true,"href":"https:\/\/lavidaexiste.com\/fr\/wp-json\/wp\/v2\/users\/1"}],"replies":[{"embeddable":true,"href":"https:\/\/lavidaexiste.com\/fr\/wp-json\/wp\/v2\/comments?post=1613"}],"version-history":[{"count":21,"href":"https:\/\/lavidaexiste.com\/fr\/wp-json\/wp\/v2\/pages\/1613\/revisions"}],"predecessor-version":[{"id":1923,"href":"https:\/\/lavidaexiste.com\/fr\/wp-json\/wp\/v2\/pages\/1613\/revisions\/1923"}],"wp:attachment":[{"href":"https:\/\/lavidaexiste.com\/fr\/wp-json\/wp\/v2\/media?parent=1613"}],"curies":[{"name":"wp","href":"https:\/\/api.w.org\/{rel}","templated":true}]}}