{"id":1802,"date":"2021-09-08T09:45:55","date_gmt":"2021-09-08T09:45:55","guid":{"rendered":"https:\/\/lavidaexiste.com\/retiros-anteriores"},"modified":"2021-10-15T14:27:12","modified_gmt":"2021-10-15T14:27:12","slug":"retraites-precedentes","status":"publish","type":"page","link":"https:\/\/lavidaexiste.com\/fr\/retraites-precedentes","title":{"rendered":"Retraites pr\u00e9c\u00e9dentes"},"content":{"rendered":"\n<div data-wp-interactive=\"core\/file\" class=\"wp-block-file\"><object data-wp-bind--hidden=\"!state.hasPdfPreview\" hidden class=\"wp-block-file__embed\" data=\"https:\/\/lavidaexiste.com\/wp-content\/uploads\/2021\/10\/Retiro-meditacion-SamathaVipassana_Los-Cinco-Agregados_6-8dic19-2.pdf\" type=\"application\/pdf\" style=\"width:100%;height:600px\" aria-label=\"Contenu embarqu\u00e9 Incrustado de Retiro-meditacion-SamathaVipassana_Los-Cinco-Agregados_6-8dic19-2..\"><\/object><a href=\"https:\/\/lavidaexiste.com\/wp-content\/uploads\/2021\/10\/Retiro-meditacion-SamathaVipassana_Los-Cinco-Agregados_6-8dic19-2.pdf\">Retiro-meditacion-SamathaVipassana_Los-Cinco-Agregados_6-8dic19-2<\/a><a href=\"https:\/\/lavidaexiste.com\/wp-content\/uploads\/2021\/10\/Retiro-meditacion-SamathaVipassana_Los-Cinco-Agregados_6-8dic19-2.pdf\" class=\"wp-block-file__button\" download>Descarga<\/a><\/div>\n","protected":false},"excerpt":{"rendered":"","protected":false},"author":1,"featured_media":0,"parent":0,"menu_order":0,"comment_status":"closed","ping_status":"closed","template":"","meta":{"footnotes":""},"class_list":["post-1802","page","type-page","status-publish","hentry"],"yoast_head":"<!-- This site is optimized with the Yoast SEO plugin v27.3 - https:\/\/yoast.com\/product\/yoast-seo-wordpress\/ -->\n<title>Retraites pr\u00e9c\u00e9dentes - Meditaci\u00f3n Samatha-Vipassana<\/title>\n<meta name=\"robots\" content=\"index, follow, max-snippet:-1, max-image-preview:large, max-video-preview:-1\" \/>\n<link rel=\"canonical\" href=\"https:\/\/lavidaexiste.com\/fr\/retraites-precedentes\" \/>\n<meta property=\"og:locale\" content=\"fr_FR\" \/>\n<meta property=\"og:type\" content=\"article\" \/>\n<meta property=\"og:title\" content=\"Retraites pr\u00e9c\u00e9dentes - Meditaci\u00f3n Samatha-Vipassana\" \/>\n<meta property=\"og:url\" content=\"https:\/\/lavidaexiste.com\/fr\/retraites-precedentes\" \/>\n<meta property=\"og:site_name\" content=\"Meditaci\u00f3n Samatha-Vipassana\" \/>\n<meta property=\"article:publisher\" content=\"https:\/\/www.facebook.com\/La-vida-existe-100223225752819\" \/>\n<meta property=\"article:modified_time\" content=\"2021-10-15T14:27:12+00:00\" \/>\n<meta name=\"twitter:card\" content=\"summary_large_image\" \/>\n<meta name=\"twitter:label1\" content=\"Dur\u00e9e de lecture estim\u00e9e\" \/>\n\t<meta name=\"twitter:data1\" content=\"1 minute\" \/>\n<script type=\"application\/ld+json\" class=\"yoast-schema-graph\">{\"@context\":\"https:\\\/\\\/schema.org\",\"@graph\":[{\"@type\":\"WebPage\",\"@id\":\"https:\\\/\\\/lavidaexiste.com\\\/fr\\\/retraites-precedentes\",\"url\":\"https:\\\/\\\/lavidaexiste.com\\\/fr\\\/retraites-precedentes\",\"name\":\"Retraites pr\u00e9c\u00e9dentes - Meditaci\u00f3n Samatha-Vipassana\",\"isPartOf\":{\"@id\":\"https:\\\/\\\/lavidaexiste.com\\\/#website\"},\"datePublished\":\"2021-09-08T09:45:55+00:00\",\"dateModified\":\"2021-10-15T14:27:12+00:00\",\"breadcrumb\":{\"@id\":\"https:\\\/\\\/lavidaexiste.com\\\/fr\\\/retraites-precedentes#breadcrumb\"},\"inLanguage\":\"fr-FR\",\"potentialAction\":[{\"@type\":\"ReadAction\",\"target\":[\"https:\\\/\\\/lavidaexiste.com\\\/fr\\\/retraites-precedentes\"]}]},{\"@type\":\"BreadcrumbList\",\"@id\":\"https:\\\/\\\/lavidaexiste.com\\\/fr\\\/retraites-precedentes#breadcrumb\",\"itemListElement\":[{\"@type\":\"ListItem\",\"position\":1,\"name\":\"Portada\",\"item\":\"https:\\\/\\\/lavidaexiste.com\\\/fr\"},{\"@type\":\"ListItem\",\"position\":2,\"name\":\"Retraites pr\u00e9c\u00e9dentes\"}]},{\"@type\":\"WebSite\",\"@id\":\"https:\\\/\\\/lavidaexiste.com\\\/#website\",\"url\":\"https:\\\/\\\/lavidaexiste.com\\\/\",\"name\":\"Meditaci\u00f3n Samatha-Vipassana\",\"description\":\"\",\"publisher\":{\"@id\":\"https:\\\/\\\/lavidaexiste.com\\\/#organization\"},\"potentialAction\":[{\"@type\":\"SearchAction\",\"target\":{\"@type\":\"EntryPoint\",\"urlTemplate\":\"https:\\\/\\\/lavidaexiste.com\\\/?s={search_term_string}\"},\"query-input\":{\"@type\":\"PropertyValueSpecification\",\"valueRequired\":true,\"valueName\":\"search_term_string\"}}],\"inLanguage\":\"fr-FR\"},{\"@type\":\"Organization\",\"@id\":\"https:\\\/\\\/lavidaexiste.com\\\/#organization\",\"name\":\"La Vida Existe\",\"url\":\"https:\\\/\\\/lavidaexiste.com\\\/\",\"logo\":{\"@type\":\"ImageObject\",\"inLanguage\":\"fr-FR\",\"@id\":\"https:\\\/\\\/lavidaexiste.com\\\/#\\\/schema\\\/logo\\\/image\\\/\",\"url\":\"https:\\\/\\\/lavidaexiste.com\\\/wp-content\\\/uploads\\\/2021\\\/08\\\/TIPO-LOGO3_handle_MARRON_GRANDE.png\",\"contentUrl\":\"https:\\\/\\\/lavidaexiste.com\\\/wp-content\\\/uploads\\\/2021\\\/08\\\/TIPO-LOGO3_handle_MARRON_GRANDE.png\",\"width\":425,\"height\":116,\"caption\":\"La Vida Existe\"},\"image\":{\"@id\":\"https:\\\/\\\/lavidaexiste.com\\\/#\\\/schema\\\/logo\\\/image\\\/\"},\"sameAs\":[\"https:\\\/\\\/www.facebook.com\\\/La-vida-existe-100223225752819\"]}]}<\/script>\n<!-- \/ Yoast SEO plugin. -->","yoast_head_json":{"title":"Retraites pr\u00e9c\u00e9dentes - Meditaci\u00f3n Samatha-Vipassana","robots":{"index":"index","follow":"follow","max-snippet":"max-snippet:-1","max-image-preview":"max-image-preview:large","max-video-preview":"max-video-preview:-1"},"canonical":"https:\/\/lavidaexiste.com\/fr\/retraites-precedentes","og_locale":"fr_FR","og_type":"article","og_title":"Retraites pr\u00e9c\u00e9dentes - Meditaci\u00f3n Samatha-Vipassana","og_url":"https:\/\/lavidaexiste.com\/fr\/retraites-precedentes","og_site_name":"Meditaci\u00f3n Samatha-Vipassana","article_publisher":"https:\/\/www.facebook.com\/La-vida-existe-100223225752819","article_modified_time":"2021-10-15T14:27:12+00:00","twitter_card":"summary_large_image","twitter_misc":{"Dur\u00e9e de lecture estim\u00e9e":"1 minute"},"schema":{"@context":"https:\/\/schema.org","@graph":[{"@type":"WebPage","@id":"https:\/\/lavidaexiste.com\/fr\/retraites-precedentes","url":"https:\/\/lavidaexiste.com\/fr\/retraites-precedentes","name":"Retraites pr\u00e9c\u00e9dentes - Meditaci\u00f3n Samatha-Vipassana","isPartOf":{"@id":"https:\/\/lavidaexiste.com\/#website"},"datePublished":"2021-09-08T09:45:55+00:00","dateModified":"2021-10-15T14:27:12+00:00","breadcrumb":{"@id":"https:\/\/lavidaexiste.com\/fr\/retraites-precedentes#breadcrumb"},"inLanguage":"fr-FR","potentialAction":[{"@type":"ReadAction","target":["https:\/\/lavidaexiste.com\/fr\/retraites-precedentes"]}]},{"@type":"BreadcrumbList","@id":"https:\/\/lavidaexiste.com\/fr\/retraites-precedentes#breadcrumb","itemListElement":[{"@type":"ListItem","position":1,"name":"Portada","item":"https:\/\/lavidaexiste.com\/fr"},{"@type":"ListItem","position":2,"name":"Retraites pr\u00e9c\u00e9dentes"}]},{"@type":"WebSite","@id":"https:\/\/lavidaexiste.com\/#website","url":"https:\/\/lavidaexiste.com\/","name":"Meditaci\u00f3n Samatha-Vipassana","description":"","publisher":{"@id":"https:\/\/lavidaexiste.com\/#organization"},"potentialAction":[{"@type":"SearchAction","target":{"@type":"EntryPoint","urlTemplate":"https:\/\/lavidaexiste.com\/?s={search_term_string}"},"query-input":{"@type":"PropertyValueSpecification","valueRequired":true,"valueName":"search_term_string"}}],"inLanguage":"fr-FR"},{"@type":"Organization","@id":"https:\/\/lavidaexiste.com\/#organization","name":"La Vida Existe","url":"https:\/\/lavidaexiste.com\/","logo":{"@type":"ImageObject","inLanguage":"fr-FR","@id":"https:\/\/lavidaexiste.com\/#\/schema\/logo\/image\/","url":"https:\/\/lavidaexiste.com\/wp-content\/uploads\/2021\/08\/TIPO-LOGO3_handle_MARRON_GRANDE.png","contentUrl":"https:\/\/lavidaexiste.com\/wp-content\/uploads\/2021\/08\/TIPO-LOGO3_handle_MARRON_GRANDE.png","width":425,"height":116,"caption":"La Vida Existe"},"image":{"@id":"https:\/\/lavidaexiste.com\/#\/schema\/logo\/image\/"},"sameAs":["https:\/\/www.facebook.com\/La-vida-existe-100223225752819"]}]}},"_links":{"self":[{"href":"https:\/\/lavidaexiste.com\/fr\/wp-json\/wp\/v2\/pages\/1802","targetHints":{"allow":["GET"]}}],"collection":[{"href":"https:\/\/lavidaexiste.com\/fr\/wp-json\/wp\/v2\/pages"}],"about":[{"href":"https:\/\/lavidaexiste.com\/fr\/wp-json\/wp\/v2\/types\/page"}],"author":[{"embeddable":true,"href":"https:\/\/lavidaexiste.com\/fr\/wp-json\/wp\/v2\/users\/1"}],"replies":[{"embeddable":true,"href":"https:\/\/lavidaexiste.com\/fr\/wp-json\/wp\/v2\/comments?post=1802"}],"version-history":[{"count":3,"href":"https:\/\/lavidaexiste.com\/fr\/wp-json\/wp\/v2\/pages\/1802\/revisions"}],"predecessor-version":[{"id":1841,"href":"https:\/\/lavidaexiste.com\/fr\/wp-json\/wp\/v2\/pages\/1802\/revisions\/1841"}],"wp:attachment":[{"href":"https:\/\/lavidaexiste.com\/fr\/wp-json\/wp\/v2\/media?parent=1802"}],"curies":[{"name":"wp","href":"https:\/\/api.w.org\/{rel}","templated":true}]}}