{"id":1816,"date":"2021-09-07T12:12:29","date_gmt":"2021-09-07T12:12:29","guid":{"rendered":"https:\/\/lavidaexiste.com\/talleres-anteriores"},"modified":"2021-10-15T14:28:05","modified_gmt":"2021-10-15T14:28:05","slug":"ateliers-precedents","status":"publish","type":"page","link":"https:\/\/lavidaexiste.com\/fr\/ateliers-precedents","title":{"rendered":"Ateliers pr\u00e9c\u00e9dents"},"content":{"rendered":"\n<div class=\"wp-block-columns is-layout-flex wp-container-core-columns-is-layout-9d6595d7 wp-block-columns-is-layout-flex\">\n<div class=\"wp-block-column is-layout-flow wp-block-column-is-layout-flow\" style=\"flex-basis:100%\">\n<div class=\"wp-block-columns is-layout-flex wp-container-core-columns-is-layout-9d6595d7 wp-block-columns-is-layout-flex\">\n<div class=\"wp-block-column is-layout-flow wp-block-column-is-layout-flow\" style=\"flex-basis:100%\">\n<div class=\"wp-block-group\"><div class=\"wp-block-group__inner-container is-layout-flow wp-block-group-is-layout-flow\">\n<div data-wp-interactive=\"core\/file\" class=\"wp-block-file\"><object data-wp-bind--hidden=\"!state.hasPdfPreview\" hidden class=\"wp-block-file__embed\" data=\"https:\/\/lavidaexiste.com\/wp-content\/uploads\/2021\/10\/Taller-meditacion-Vipassana_Los-Cinco-Agregados_18jul20.pdf\" type=\"application\/pdf\" style=\"width:100%;height:600px\" aria-label=\"Contenu embarqu\u00e9 Incrustado de Taller-meditacion-Vipassana_Los-Cinco-Agregados_18jul20..\"><\/object><a href=\"https:\/\/lavidaexiste.com\/wp-content\/uploads\/2021\/10\/Taller-meditacion-Vipassana_Los-Cinco-Agregados_18jul20.pdf\">Taller-meditacion-Vipassana_Los-Cinco-Agregados_18jul20<\/a><a href=\"https:\/\/lavidaexiste.com\/wp-content\/uploads\/2021\/10\/Taller-meditacion-Vipassana_Los-Cinco-Agregados_18jul20.pdf\" class=\"wp-block-file__button\" download>Descarga<\/a><\/div>\n<\/div><\/div>\n<\/div>\n<\/div>\n<\/div>\n<\/div>\n\n\n\n<div data-wp-interactive=\"core\/file\" class=\"wp-block-file\"><object data-wp-bind--hidden=\"!state.hasPdfPreview\" hidden class=\"wp-block-file__embed\" data=\"https:\/\/lavidaexiste.com\/wp-content\/uploads\/2021\/10\/Taller_Resolver-problemas-cotidianos_Personae_11ene20_sin.pdf\" type=\"application\/pdf\" style=\"width:100%;height:600px\" aria-label=\"Contenu embarqu\u00e9 Incrustado de Taller_Resolver-problemas-cotidianos_Personae_11ene20_sin..\"><\/object><a href=\"https:\/\/lavidaexiste.com\/wp-content\/uploads\/2021\/10\/Taller_Resolver-problemas-cotidianos_Personae_11ene20_sin.pdf\">Taller_Resolver-problemas-cotidianos_Personae_11ene20_sin<\/a><a href=\"https:\/\/lavidaexiste.com\/wp-content\/uploads\/2021\/10\/Taller_Resolver-problemas-cotidianos_Personae_11ene20_sin.pdf\" class=\"wp-block-file__button\" download>Descarga<\/a><\/div>\n\n\n\n<div data-wp-interactive=\"core\/file\" class=\"wp-block-file\"><object data-wp-bind--hidden=\"!state.hasPdfPreview\" hidden class=\"wp-block-file__embed\" data=\"https:\/\/lavidaexiste.com\/wp-content\/uploads\/2021\/10\/Taller-meditacion-Vipassana_Ensenanzas-basicas_21sep19.pdf\" type=\"application\/pdf\" style=\"width:100%;height:600px\" aria-label=\"Contenu embarqu\u00e9 Incrustado de Taller-meditacion-Vipassana_Ensenanzas-basicas_21sep19..\"><\/object><a href=\"https:\/\/lavidaexiste.com\/wp-content\/uploads\/2021\/10\/Taller-meditacion-Vipassana_Ensenanzas-basicas_21sep19.pdf\">Taller-meditacion-Vipassana_Ensenanzas-basicas_21sep19<\/a><a href=\"https:\/\/lavidaexiste.com\/wp-content\/uploads\/2021\/10\/Taller-meditacion-Vipassana_Ensenanzas-basicas_21sep19.pdf\" class=\"wp-block-file__button\" download>Descarga<\/a><\/div>\n\n\n\n<div data-wp-interactive=\"core\/file\" class=\"wp-block-file\"><object data-wp-bind--hidden=\"!state.hasPdfPreview\" hidden class=\"wp-block-file__embed\" data=\"https:\/\/lavidaexiste.com\/wp-content\/uploads\/2021\/10\/2-Taller-meditacion-SamthaVipassana_Los-Cinco-Obstaculos-27jul19.pdf\" type=\"application\/pdf\" style=\"width:100%;height:600px\" aria-label=\"Contenu embarqu\u00e9 Incrustado de 2-Taller-meditacion-SamthaVipassana_Los-Cinco-Obstaculos-27jul19..\"><\/object><a href=\"https:\/\/lavidaexiste.com\/wp-content\/uploads\/2021\/10\/2-Taller-meditacion-SamthaVipassana_Los-Cinco-Obstaculos-27jul19.pdf\">2-Taller-meditacion-SamthaVipassana_Los-Cinco-Obstaculos-27jul19<\/a><a href=\"https:\/\/lavidaexiste.com\/wp-content\/uploads\/2021\/10\/2-Taller-meditacion-SamthaVipassana_Los-Cinco-Obstaculos-27jul19.pdf\" class=\"wp-block-file__button\" download>Descarga<\/a><\/div>\n\n\n\n<div data-wp-interactive=\"core\/file\" class=\"wp-block-file\"><object data-wp-bind--hidden=\"!state.hasPdfPreview\" hidden class=\"wp-block-file__embed\" data=\"https:\/\/lavidaexiste.com\/wp-content\/uploads\/2021\/09\/1-Taller-de-meditacion-Vipassana-sobre-los-Cinco-Obstaculos-29jun19-1.pdf\" type=\"application\/pdf\" style=\"width:100%;height:600px\" aria-label=\"Contenu embarqu\u00e9 Incrustado de 1-Taller-de-meditacion-Vipassana-sobre-los-Cinco-Obstaculos-29jun19-1..\"><\/object><a href=\"https:\/\/lavidaexiste.com\/wp-content\/uploads\/2021\/09\/1-Taller-de-meditacion-Vipassana-sobre-los-Cinco-Obstaculos-29jun19-1.pdf\">1-Taller-de-meditacion-Vipassana-sobre-los-Cinco-Obstaculos-29jun19-1<\/a><a href=\"https:\/\/lavidaexiste.com\/wp-content\/uploads\/2021\/09\/1-Taller-de-meditacion-Vipassana-sobre-los-Cinco-Obstaculos-29jun19-1.pdf\" class=\"wp-block-file__button\" download>Descarga<\/a><\/div>\n","protected":false},"excerpt":{"rendered":"","protected":false},"author":1,"featured_media":0,"parent":0,"menu_order":0,"comment_status":"closed","ping_status":"closed","template":"","meta":{"footnotes":""},"class_list":["post-1816","page","type-page","status-publish","hentry"],"yoast_head":"<!-- This site is optimized with the Yoast SEO plugin v27.3 - https:\/\/yoast.com\/product\/yoast-seo-wordpress\/ -->\n<title>Ateliers pr\u00e9c\u00e9dents - Meditaci\u00f3n Samatha-Vipassana<\/title>\n<meta name=\"description\" content=\"talleres que se han realizado\" \/>\n<meta name=\"robots\" content=\"index, follow, max-snippet:-1, max-image-preview:large, max-video-preview:-1\" \/>\n<link rel=\"canonical\" href=\"https:\/\/lavidaexiste.com\/fr\/ateliers-precedents\" \/>\n<meta property=\"og:locale\" content=\"fr_FR\" \/>\n<meta property=\"og:type\" content=\"article\" \/>\n<meta property=\"og:title\" content=\"Ateliers pr\u00e9c\u00e9dents - Meditaci\u00f3n Samatha-Vipassana\" \/>\n<meta property=\"og:description\" content=\"talleres que se han realizado\" \/>\n<meta property=\"og:url\" content=\"https:\/\/lavidaexiste.com\/fr\/ateliers-precedents\" \/>\n<meta property=\"og:site_name\" content=\"Meditaci\u00f3n Samatha-Vipassana\" \/>\n<meta property=\"article:publisher\" content=\"https:\/\/www.facebook.com\/La-vida-existe-100223225752819\" \/>\n<meta property=\"article:modified_time\" content=\"2021-10-15T14:28:05+00:00\" \/>\n<meta name=\"twitter:card\" content=\"summary_large_image\" \/>\n<meta name=\"twitter:label1\" content=\"Dur\u00e9e de lecture estim\u00e9e\" \/>\n\t<meta name=\"twitter:data1\" content=\"1 minute\" \/>\n<script type=\"application\/ld+json\" class=\"yoast-schema-graph\">{\"@context\":\"https:\\\/\\\/schema.org\",\"@graph\":[{\"@type\":\"WebPage\",\"@id\":\"https:\\\/\\\/lavidaexiste.com\\\/fr\\\/ateliers-precedents\",\"url\":\"https:\\\/\\\/lavidaexiste.com\\\/fr\\\/ateliers-precedents\",\"name\":\"Ateliers pr\u00e9c\u00e9dents - Meditaci\u00f3n Samatha-Vipassana\",\"isPartOf\":{\"@id\":\"https:\\\/\\\/lavidaexiste.com\\\/#website\"},\"datePublished\":\"2021-09-07T12:12:29+00:00\",\"dateModified\":\"2021-10-15T14:28:05+00:00\",\"description\":\"talleres que se han realizado\",\"breadcrumb\":{\"@id\":\"https:\\\/\\\/lavidaexiste.com\\\/fr\\\/ateliers-precedents#breadcrumb\"},\"inLanguage\":\"fr-FR\",\"potentialAction\":[{\"@type\":\"ReadAction\",\"target\":[\"https:\\\/\\\/lavidaexiste.com\\\/fr\\\/ateliers-precedents\"]}]},{\"@type\":\"BreadcrumbList\",\"@id\":\"https:\\\/\\\/lavidaexiste.com\\\/fr\\\/ateliers-precedents#breadcrumb\",\"itemListElement\":[{\"@type\":\"ListItem\",\"position\":1,\"name\":\"Portada\",\"item\":\"https:\\\/\\\/lavidaexiste.com\\\/fr\"},{\"@type\":\"ListItem\",\"position\":2,\"name\":\"Ateliers pr\u00e9c\u00e9dents\"}]},{\"@type\":\"WebSite\",\"@id\":\"https:\\\/\\\/lavidaexiste.com\\\/#website\",\"url\":\"https:\\\/\\\/lavidaexiste.com\\\/\",\"name\":\"Meditaci\u00f3n Samatha-Vipassana\",\"description\":\"\",\"publisher\":{\"@id\":\"https:\\\/\\\/lavidaexiste.com\\\/#organization\"},\"potentialAction\":[{\"@type\":\"SearchAction\",\"target\":{\"@type\":\"EntryPoint\",\"urlTemplate\":\"https:\\\/\\\/lavidaexiste.com\\\/?s={search_term_string}\"},\"query-input\":{\"@type\":\"PropertyValueSpecification\",\"valueRequired\":true,\"valueName\":\"search_term_string\"}}],\"inLanguage\":\"fr-FR\"},{\"@type\":\"Organization\",\"@id\":\"https:\\\/\\\/lavidaexiste.com\\\/#organization\",\"name\":\"La Vida Existe\",\"url\":\"https:\\\/\\\/lavidaexiste.com\\\/\",\"logo\":{\"@type\":\"ImageObject\",\"inLanguage\":\"fr-FR\",\"@id\":\"https:\\\/\\\/lavidaexiste.com\\\/#\\\/schema\\\/logo\\\/image\\\/\",\"url\":\"https:\\\/\\\/lavidaexiste.com\\\/wp-content\\\/uploads\\\/2021\\\/08\\\/TIPO-LOGO3_handle_MARRON_GRANDE.png\",\"contentUrl\":\"https:\\\/\\\/lavidaexiste.com\\\/wp-content\\\/uploads\\\/2021\\\/08\\\/TIPO-LOGO3_handle_MARRON_GRANDE.png\",\"width\":425,\"height\":116,\"caption\":\"La Vida Existe\"},\"image\":{\"@id\":\"https:\\\/\\\/lavidaexiste.com\\\/#\\\/schema\\\/logo\\\/image\\\/\"},\"sameAs\":[\"https:\\\/\\\/www.facebook.com\\\/La-vida-existe-100223225752819\"]}]}<\/script>\n<!-- \/ Yoast SEO plugin. -->","yoast_head_json":{"title":"Ateliers pr\u00e9c\u00e9dents - Meditaci\u00f3n Samatha-Vipassana","description":"talleres que se han realizado","robots":{"index":"index","follow":"follow","max-snippet":"max-snippet:-1","max-image-preview":"max-image-preview:large","max-video-preview":"max-video-preview:-1"},"canonical":"https:\/\/lavidaexiste.com\/fr\/ateliers-precedents","og_locale":"fr_FR","og_type":"article","og_title":"Ateliers pr\u00e9c\u00e9dents - Meditaci\u00f3n Samatha-Vipassana","og_description":"talleres que se han realizado","og_url":"https:\/\/lavidaexiste.com\/fr\/ateliers-precedents","og_site_name":"Meditaci\u00f3n Samatha-Vipassana","article_publisher":"https:\/\/www.facebook.com\/La-vida-existe-100223225752819","article_modified_time":"2021-10-15T14:28:05+00:00","twitter_card":"summary_large_image","twitter_misc":{"Dur\u00e9e de lecture estim\u00e9e":"1 minute"},"schema":{"@context":"https:\/\/schema.org","@graph":[{"@type":"WebPage","@id":"https:\/\/lavidaexiste.com\/fr\/ateliers-precedents","url":"https:\/\/lavidaexiste.com\/fr\/ateliers-precedents","name":"Ateliers pr\u00e9c\u00e9dents - Meditaci\u00f3n Samatha-Vipassana","isPartOf":{"@id":"https:\/\/lavidaexiste.com\/#website"},"datePublished":"2021-09-07T12:12:29+00:00","dateModified":"2021-10-15T14:28:05+00:00","description":"talleres que se han realizado","breadcrumb":{"@id":"https:\/\/lavidaexiste.com\/fr\/ateliers-precedents#breadcrumb"},"inLanguage":"fr-FR","potentialAction":[{"@type":"ReadAction","target":["https:\/\/lavidaexiste.com\/fr\/ateliers-precedents"]}]},{"@type":"BreadcrumbList","@id":"https:\/\/lavidaexiste.com\/fr\/ateliers-precedents#breadcrumb","itemListElement":[{"@type":"ListItem","position":1,"name":"Portada","item":"https:\/\/lavidaexiste.com\/fr"},{"@type":"ListItem","position":2,"name":"Ateliers pr\u00e9c\u00e9dents"}]},{"@type":"WebSite","@id":"https:\/\/lavidaexiste.com\/#website","url":"https:\/\/lavidaexiste.com\/","name":"Meditaci\u00f3n Samatha-Vipassana","description":"","publisher":{"@id":"https:\/\/lavidaexiste.com\/#organization"},"potentialAction":[{"@type":"SearchAction","target":{"@type":"EntryPoint","urlTemplate":"https:\/\/lavidaexiste.com\/?s={search_term_string}"},"query-input":{"@type":"PropertyValueSpecification","valueRequired":true,"valueName":"search_term_string"}}],"inLanguage":"fr-FR"},{"@type":"Organization","@id":"https:\/\/lavidaexiste.com\/#organization","name":"La Vida Existe","url":"https:\/\/lavidaexiste.com\/","logo":{"@type":"ImageObject","inLanguage":"fr-FR","@id":"https:\/\/lavidaexiste.com\/#\/schema\/logo\/image\/","url":"https:\/\/lavidaexiste.com\/wp-content\/uploads\/2021\/08\/TIPO-LOGO3_handle_MARRON_GRANDE.png","contentUrl":"https:\/\/lavidaexiste.com\/wp-content\/uploads\/2021\/08\/TIPO-LOGO3_handle_MARRON_GRANDE.png","width":425,"height":116,"caption":"La Vida Existe"},"image":{"@id":"https:\/\/lavidaexiste.com\/#\/schema\/logo\/image\/"},"sameAs":["https:\/\/www.facebook.com\/La-vida-existe-100223225752819"]}]}},"_links":{"self":[{"href":"https:\/\/lavidaexiste.com\/fr\/wp-json\/wp\/v2\/pages\/1816","targetHints":{"allow":["GET"]}}],"collection":[{"href":"https:\/\/lavidaexiste.com\/fr\/wp-json\/wp\/v2\/pages"}],"about":[{"href":"https:\/\/lavidaexiste.com\/fr\/wp-json\/wp\/v2\/types\/page"}],"author":[{"embeddable":true,"href":"https:\/\/lavidaexiste.com\/fr\/wp-json\/wp\/v2\/users\/1"}],"replies":[{"embeddable":true,"href":"https:\/\/lavidaexiste.com\/fr\/wp-json\/wp\/v2\/comments?post=1816"}],"version-history":[{"count":2,"href":"https:\/\/lavidaexiste.com\/fr\/wp-json\/wp\/v2\/pages\/1816\/revisions"}],"predecessor-version":[{"id":1840,"href":"https:\/\/lavidaexiste.com\/fr\/wp-json\/wp\/v2\/pages\/1816\/revisions\/1840"}],"wp:attachment":[{"href":"https:\/\/lavidaexiste.com\/fr\/wp-json\/wp\/v2\/media?parent=1816"}],"curies":[{"name":"wp","href":"https:\/\/api.w.org\/{rel}","templated":true}]}}