{"id":1983,"date":"2021-10-27T12:25:27","date_gmt":"2021-10-27T12:25:27","guid":{"rendered":"https:\/\/lavidaexiste.com\/?page_id=1983"},"modified":"2021-11-22T10:59:19","modified_gmt":"2021-11-22T10:59:19","slug":"politique-de-cookies","status":"publish","type":"page","link":"https:\/\/lavidaexiste.com\/fr\/politique-de-cookies","title":{"rendered":"Politique en mati\u00e8re de cookies"},"content":{"rendered":"\n<p><strong>\u00c0 propos de cette politique de cookies.<\/strong><strong><\/strong><\/p>\n\n\n\n<p>Cette Politique des cookies explique ce que sont les cookies et comment nous les utilisons, les types de cookies que nous utilisons, c\u2019est-\u00e0-dire les informations que nous collectons en utilisant des cookies et comment ces informations sont utilis\u00e9es, et comment contr\u00f4ler les pr\u00e9f\u00e9rences des cookies. Pour plus d\u2019informations sur la fa\u00e7on dont nous utilisons, stockons et conservons vos donn\u00e9es personnelles en toute s\u00e9curit\u00e9, veuillez consulter notre Politique de confidentialit\u00e9. Vous pouvez \u00e0 tout moment modifier ou retirer votre consentement de la D\u00e9claration des cookies sur notre site Web. D\u00e9couvrez qui nous sommes, comment nous contacter et comment nous traitons les donn\u00e9es personnelles dans notre Politique de confidentialit\u00e9. Votre consentement s\u2019applique aux domaines suivants : lavidaexiste.com<\/p>\n\n\n\n<p><strong>Que sont les cookies ?<\/strong><strong><\/strong><\/p>\n\n\n\n<p>Les cookies sont de petits fichiers texte qui sont utilis\u00e9s pour stocker de petits fragments d\u2019informations. Ils sont stock\u00e9s sur votre appareil lorsque le site web est charg\u00e9 dans votre navigateur. Ces cookies nous aident \u00e0 faire fonctionner le site Web correctement, \u00e0 le rendre plus s\u00fbr, \u00e0 offrir une meilleure exp\u00e9rience utilisateur, \u00e0 comprendre comment le site Web fonctionne et \u00e0 analyser ce qui fonctionne et o\u00f9 vous devez l\u2019am\u00e9liorer.<\/p>\n\n\n\n<p><strong>Comment utilisons-nous les cookies ?<\/strong><strong><\/strong><\/p>\n\n\n\n<p>Comme la plupart des services en ligne, notre site Web utilise ses propres cookies et des cookies de tiers \u00e0 diverses Les cookies tiers utilis\u00e9s sur notre site Web servent principalement \u00e0 comprendre le fonctionnement du site Web, la fa\u00e7on dont vous interagissez avec notre site Web, la s\u00e9curit\u00e9 de nos services, la fourniture de publicit\u00e9s pertinentes pour vous et, de mani\u00e8re g\u00e9n\u00e9rale, une exp\u00e9rience et une aide am\u00e9lior\u00e9es pour l&rsquo;utilisateur. acc\u00e9l\u00e9rer vos futures interactions avec notre site Web.<\/p>\n\n\n\n<p><strong>Quels types de cookies utilisons-nous ?<\/strong><strong><\/strong><\/p>\n\n\n\n<p>Essentiel : certains cookies sont essentiels pour vous permettre de d\u00e9couvrir la fonctionnalit\u00e9 compl\u00e8te de notre site. Ils nous permettent de maintenir les sessions des utilisateurs et de pr\u00e9venir toute menace \u00e0 la s\u00e9curit\u00e9. Ils ne collectent ni ne stockent aucune information personnelle. Par exemple, ces cookies vous permettent de vous connecter \u00e0 votre compte et d\u2019ajouter des produits \u00e0 votre panier et d\u2019effectuer le paiement en toute s\u00e9curit\u00e9. Statistiques : ces cookies stockent des informations telles que le nombre de visiteurs du site Web, le nombre de visiteurs uniques, les pages du site Web visit\u00e9es, la source de la visite, etc. Ces donn\u00e9es nous aident \u00e0 comprendre et \u00e0 analyser les performances du site Web et o\u00f9 vous devez vous am\u00e9liorer. Marketing : notre site Web affiche des annonces. Ces cookies sont utilis\u00e9s pour personnaliser les publicit\u00e9s que nous vous montrons afin qu\u2019elles soient significatives pour vous. Ces cookies nous aident \u00e9galement \u00e0 suivre l\u2019efficacit\u00e9 de ces campagnes publicitaires. Les fournisseurs de publicit\u00e9 tiers peuvent \u00e9galement utiliser les informations stock\u00e9es dans ces cookies pour vous montrer des publicit\u00e9s sur d\u2019autres sites Web dans le navigateur. Fonctionnels : Ce sont les cookies qui aident certaines fonctionnalit\u00e9s non essentielles de notre site Web. Ces fonctionnalit\u00e9s incluent l\u2019int\u00e9gration de contenus tels que des vid\u00e9os ou le partage de contenu du site Web sur des plateformes de r\u00e9seaux sociaux. Pr\u00e9f\u00e9rences : Ces cookies nous aident \u00e0 stocker vos param\u00e8tres et pr\u00e9f\u00e9rences de navigation, comme les pr\u00e9f\u00e9rences de langue, afin que vous ayez une meilleure et plus efficace exp\u00e9rience lors des prochaines visites du site.<\/p>\n\n\n\n<p>La liste suivante d\u00e9taille les cookies utilis\u00e9s sur notre site web\u00a0:<\/p>\n\n\n\n<figure class=\"wp-block-table\"><table><tbody><tr><td><strong>Cookie<\/strong><strong><\/strong><\/td><td><strong>Description<\/strong><strong><\/strong><\/td><\/tr><tr><td>cookielawinfo-checkbox-analytics<\/td><td>Ce cookie est d\u00e9fini par GDPR Cookie Consent plugin. Le cookie est utilis\u00e9 pour stocker le consentement de l\u2019utilisateur pour les cookies dans la cat\u00e9gorie \u00ab\u00a0Analytics\u00a0\u00bb.<\/td><\/tr><tr><td>cookielawinfo-checkbox-functional<\/td><td>Le cookie est d\u00e9fini par le consentement du cookie GDPR pour enregistrer le consentement de l\u2019utilisateur pour les cookies dans la cat\u00e9gorie \u00ab\u00a0Fonctionnel\u00a0\u00bb.<\/td><\/tr><tr><td>cookielawinfo-checkbox-necessary<\/td><td>Ce cookie est d\u00e9fini par GDPR Cookie Consent plugin. Les cookies sont utilis\u00e9s pour stocker le consentement de l\u2019utilisateur pour les cookies dans la cat\u00e9gorie \u00ab\u00a0N\u00e9cessaire\u00a0\u00bb.<\/td><\/tr><tr><td>cookielawinfo-checkbox-others<\/td><td>Ce cookie est d\u00e9fini par GDPR Cookie Consent plugin. Le cookie est utilis\u00e9 pour stocker le consentement de l\u2019utilisateur pour les cookies dans la cat\u00e9gorie \u00ab\u00a0Autre.<\/td><\/tr><tr><td>cookielawinfo-checkbox-performance<\/td><td>Ce cookie est d\u00e9fini par GDPR Cookie Consent plugin. Le cookie est utilis\u00e9 pour stocker le consentement de l\u2019utilisateur pour les cookies dans la cat\u00e9gorie \u00ab\u00a0Performance\u00a0\u00bb.<\/td><\/tr><tr><td>viewed_cookie_policy<\/td><td>Le cookie est d\u00e9fini par le plugin GDPR Cookie Consent et est utilis\u00e9 pour stocker si l\u2019utilisateur a ou non consenti \u00e0 l\u2019utilisation de cookies. Il ne conserve pas de donn\u00e9es personnelles.<\/td><\/tr><\/tbody><\/table><\/figure>\n\n\n\n<p><strong>Comment puis-je contr\u00f4ler les pr\u00e9f\u00e9rences des cookies ?<\/strong><strong><\/strong><\/p>\n\n\n\n<p>Si vous d\u00e9cidez de modifier vos pr\u00e9f\u00e9rences ult\u00e9rieurement via votre session de navigation, vous pouvez cliquer sur l\u2019onglet \u00abPolitique de confidentialit\u00e9 et cookies\u00bb sur votre \u00e9cran. Cela affichera l\u2019avis de consentement \u00e0 nouveau, ce qui vous permettra de modifier vos pr\u00e9f\u00e9rences ou de retirer compl\u00e8tement votre consentement. En outre, les diff\u00e9rents navigateurs fournissent diff\u00e9rentes m\u00e9thodes pour bloquer et supprimer les cookies utilis\u00e9s par les sites Web. Vous pouvez modifier les param\u00e8tres de votre navigateur pour bloquer \/ supprimer les cookies. Pour plus d\u2019informations sur la gestion et la suppression des cookies, veuillez consulter wikipedia.org, www.allaboutcookies.org.<\/p>\n","protected":false},"excerpt":{"rendered":"<p>\u00c0 propos de cette politique de cookies. Cette Politique des cookies explique ce que sont les cookies et comment nous les utilisons, les types de cookies que nous utilisons, c\u2019est-\u00e0-dire les informations que nous collectons en utilisant des cookies et comment ces informations sont utilis\u00e9es, et comment contr\u00f4ler les pr\u00e9f\u00e9rences des cookies. Pour plus d\u2019informations [&hellip;]<\/p>\n","protected":false},"author":1,"featured_media":0,"parent":0,"menu_order":0,"comment_status":"closed","ping_status":"closed","template":"","meta":{"footnotes":""},"class_list":["post-1983","page","type-page","status-publish","hentry"],"yoast_head":"<!-- This site is optimized with the Yoast SEO plugin v27.3 - https:\/\/yoast.com\/product\/yoast-seo-wordpress\/ -->\n<title>Politique en mati\u00e8re de cookies - Meditaci\u00f3n Samatha-Vipassana<\/title>\n<meta name=\"robots\" content=\"index, follow, max-snippet:-1, max-image-preview:large, max-video-preview:-1\" \/>\n<link rel=\"canonical\" href=\"https:\/\/lavidaexiste.com\/fr\/politique-de-cookies\" \/>\n<meta property=\"og:locale\" content=\"fr_FR\" \/>\n<meta property=\"og:type\" content=\"article\" \/>\n<meta property=\"og:title\" content=\"Politique en mati\u00e8re de cookies - Meditaci\u00f3n Samatha-Vipassana\" \/>\n<meta property=\"og:description\" content=\"\u00c0 propos de cette politique de cookies. Cette Politique des cookies explique ce que sont les cookies et comment nous les utilisons, les types de cookies que nous utilisons, c\u2019est-\u00e0-dire les informations que nous collectons en utilisant des cookies et comment ces informations sont utilis\u00e9es, et comment contr\u00f4ler les pr\u00e9f\u00e9rences des cookies. Pour plus d\u2019informations [&hellip;]\" \/>\n<meta property=\"og:url\" content=\"https:\/\/lavidaexiste.com\/fr\/politique-de-cookies\" \/>\n<meta property=\"og:site_name\" content=\"Meditaci\u00f3n Samatha-Vipassana\" \/>\n<meta property=\"article:publisher\" content=\"https:\/\/www.facebook.com\/La-vida-existe-100223225752819\" \/>\n<meta property=\"article:modified_time\" content=\"2021-11-22T10:59:19+00:00\" \/>\n<meta name=\"twitter:card\" content=\"summary_large_image\" \/>\n<meta name=\"twitter:label1\" content=\"Dur\u00e9e de lecture estim\u00e9e\" \/>\n\t<meta name=\"twitter:data1\" content=\"4 minutes\" \/>\n<script type=\"application\/ld+json\" class=\"yoast-schema-graph\">{\"@context\":\"https:\\\/\\\/schema.org\",\"@graph\":[{\"@type\":\"WebPage\",\"@id\":\"https:\\\/\\\/lavidaexiste.com\\\/fr\\\/politique-de-cookies\",\"url\":\"https:\\\/\\\/lavidaexiste.com\\\/fr\\\/politique-de-cookies\",\"name\":\"Politique en mati\u00e8re de cookies - Meditaci\u00f3n Samatha-Vipassana\",\"isPartOf\":{\"@id\":\"https:\\\/\\\/lavidaexiste.com\\\/#website\"},\"datePublished\":\"2021-10-27T12:25:27+00:00\",\"dateModified\":\"2021-11-22T10:59:19+00:00\",\"breadcrumb\":{\"@id\":\"https:\\\/\\\/lavidaexiste.com\\\/fr\\\/politique-de-cookies#breadcrumb\"},\"inLanguage\":\"fr-FR\",\"potentialAction\":[{\"@type\":\"ReadAction\",\"target\":[\"https:\\\/\\\/lavidaexiste.com\\\/fr\\\/politique-de-cookies\"]}]},{\"@type\":\"BreadcrumbList\",\"@id\":\"https:\\\/\\\/lavidaexiste.com\\\/fr\\\/politique-de-cookies#breadcrumb\",\"itemListElement\":[{\"@type\":\"ListItem\",\"position\":1,\"name\":\"Portada\",\"item\":\"https:\\\/\\\/lavidaexiste.com\\\/fr\"},{\"@type\":\"ListItem\",\"position\":2,\"name\":\"Politique en mati\u00e8re de cookies\"}]},{\"@type\":\"WebSite\",\"@id\":\"https:\\\/\\\/lavidaexiste.com\\\/#website\",\"url\":\"https:\\\/\\\/lavidaexiste.com\\\/\",\"name\":\"Meditaci\u00f3n Samatha-Vipassana\",\"description\":\"\",\"publisher\":{\"@id\":\"https:\\\/\\\/lavidaexiste.com\\\/#organization\"},\"potentialAction\":[{\"@type\":\"SearchAction\",\"target\":{\"@type\":\"EntryPoint\",\"urlTemplate\":\"https:\\\/\\\/lavidaexiste.com\\\/?s={search_term_string}\"},\"query-input\":{\"@type\":\"PropertyValueSpecification\",\"valueRequired\":true,\"valueName\":\"search_term_string\"}}],\"inLanguage\":\"fr-FR\"},{\"@type\":\"Organization\",\"@id\":\"https:\\\/\\\/lavidaexiste.com\\\/#organization\",\"name\":\"La Vida Existe\",\"url\":\"https:\\\/\\\/lavidaexiste.com\\\/\",\"logo\":{\"@type\":\"ImageObject\",\"inLanguage\":\"fr-FR\",\"@id\":\"https:\\\/\\\/lavidaexiste.com\\\/#\\\/schema\\\/logo\\\/image\\\/\",\"url\":\"https:\\\/\\\/lavidaexiste.com\\\/wp-content\\\/uploads\\\/2021\\\/08\\\/TIPO-LOGO3_handle_MARRON_GRANDE.png\",\"contentUrl\":\"https:\\\/\\\/lavidaexiste.com\\\/wp-content\\\/uploads\\\/2021\\\/08\\\/TIPO-LOGO3_handle_MARRON_GRANDE.png\",\"width\":425,\"height\":116,\"caption\":\"La Vida Existe\"},\"image\":{\"@id\":\"https:\\\/\\\/lavidaexiste.com\\\/#\\\/schema\\\/logo\\\/image\\\/\"},\"sameAs\":[\"https:\\\/\\\/www.facebook.com\\\/La-vida-existe-100223225752819\"]}]}<\/script>\n<!-- \/ Yoast SEO plugin. -->","yoast_head_json":{"title":"Politique en mati\u00e8re de cookies - Meditaci\u00f3n Samatha-Vipassana","robots":{"index":"index","follow":"follow","max-snippet":"max-snippet:-1","max-image-preview":"max-image-preview:large","max-video-preview":"max-video-preview:-1"},"canonical":"https:\/\/lavidaexiste.com\/fr\/politique-de-cookies","og_locale":"fr_FR","og_type":"article","og_title":"Politique en mati\u00e8re de cookies - Meditaci\u00f3n Samatha-Vipassana","og_description":"\u00c0 propos de cette politique de cookies. Cette Politique des cookies explique ce que sont les cookies et comment nous les utilisons, les types de cookies que nous utilisons, c\u2019est-\u00e0-dire les informations que nous collectons en utilisant des cookies et comment ces informations sont utilis\u00e9es, et comment contr\u00f4ler les pr\u00e9f\u00e9rences des cookies. Pour plus d\u2019informations [&hellip;]","og_url":"https:\/\/lavidaexiste.com\/fr\/politique-de-cookies","og_site_name":"Meditaci\u00f3n Samatha-Vipassana","article_publisher":"https:\/\/www.facebook.com\/La-vida-existe-100223225752819","article_modified_time":"2021-11-22T10:59:19+00:00","twitter_card":"summary_large_image","twitter_misc":{"Dur\u00e9e de lecture estim\u00e9e":"4 minutes"},"schema":{"@context":"https:\/\/schema.org","@graph":[{"@type":"WebPage","@id":"https:\/\/lavidaexiste.com\/fr\/politique-de-cookies","url":"https:\/\/lavidaexiste.com\/fr\/politique-de-cookies","name":"Politique en mati\u00e8re de cookies - Meditaci\u00f3n Samatha-Vipassana","isPartOf":{"@id":"https:\/\/lavidaexiste.com\/#website"},"datePublished":"2021-10-27T12:25:27+00:00","dateModified":"2021-11-22T10:59:19+00:00","breadcrumb":{"@id":"https:\/\/lavidaexiste.com\/fr\/politique-de-cookies#breadcrumb"},"inLanguage":"fr-FR","potentialAction":[{"@type":"ReadAction","target":["https:\/\/lavidaexiste.com\/fr\/politique-de-cookies"]}]},{"@type":"BreadcrumbList","@id":"https:\/\/lavidaexiste.com\/fr\/politique-de-cookies#breadcrumb","itemListElement":[{"@type":"ListItem","position":1,"name":"Portada","item":"https:\/\/lavidaexiste.com\/fr"},{"@type":"ListItem","position":2,"name":"Politique en mati\u00e8re de cookies"}]},{"@type":"WebSite","@id":"https:\/\/lavidaexiste.com\/#website","url":"https:\/\/lavidaexiste.com\/","name":"Meditaci\u00f3n Samatha-Vipassana","description":"","publisher":{"@id":"https:\/\/lavidaexiste.com\/#organization"},"potentialAction":[{"@type":"SearchAction","target":{"@type":"EntryPoint","urlTemplate":"https:\/\/lavidaexiste.com\/?s={search_term_string}"},"query-input":{"@type":"PropertyValueSpecification","valueRequired":true,"valueName":"search_term_string"}}],"inLanguage":"fr-FR"},{"@type":"Organization","@id":"https:\/\/lavidaexiste.com\/#organization","name":"La Vida Existe","url":"https:\/\/lavidaexiste.com\/","logo":{"@type":"ImageObject","inLanguage":"fr-FR","@id":"https:\/\/lavidaexiste.com\/#\/schema\/logo\/image\/","url":"https:\/\/lavidaexiste.com\/wp-content\/uploads\/2021\/08\/TIPO-LOGO3_handle_MARRON_GRANDE.png","contentUrl":"https:\/\/lavidaexiste.com\/wp-content\/uploads\/2021\/08\/TIPO-LOGO3_handle_MARRON_GRANDE.png","width":425,"height":116,"caption":"La Vida Existe"},"image":{"@id":"https:\/\/lavidaexiste.com\/#\/schema\/logo\/image\/"},"sameAs":["https:\/\/www.facebook.com\/La-vida-existe-100223225752819"]}]}},"_links":{"self":[{"href":"https:\/\/lavidaexiste.com\/fr\/wp-json\/wp\/v2\/pages\/1983","targetHints":{"allow":["GET"]}}],"collection":[{"href":"https:\/\/lavidaexiste.com\/fr\/wp-json\/wp\/v2\/pages"}],"about":[{"href":"https:\/\/lavidaexiste.com\/fr\/wp-json\/wp\/v2\/types\/page"}],"author":[{"embeddable":true,"href":"https:\/\/lavidaexiste.com\/fr\/wp-json\/wp\/v2\/users\/1"}],"replies":[{"embeddable":true,"href":"https:\/\/lavidaexiste.com\/fr\/wp-json\/wp\/v2\/comments?post=1983"}],"version-history":[{"count":2,"href":"https:\/\/lavidaexiste.com\/fr\/wp-json\/wp\/v2\/pages\/1983\/revisions"}],"predecessor-version":[{"id":2022,"href":"https:\/\/lavidaexiste.com\/fr\/wp-json\/wp\/v2\/pages\/1983\/revisions\/2022"}],"wp:attachment":[{"href":"https:\/\/lavidaexiste.com\/fr\/wp-json\/wp\/v2\/media?parent=1983"}],"curies":[{"name":"wp","href":"https:\/\/api.w.org\/{rel}","templated":true}]}}